{"id":3927,"date":"2025-05-07T16:22:46","date_gmt":"2025-05-07T14:22:46","guid":{"rendered":"https:\/\/relatech.com\/?page_id=3927"},"modified":"2025-05-13T09:17:00","modified_gmt":"2025-05-13T07:17:00","slug":"enter-in-relatech","status":"publish","type":"page","link":"https:\/\/relatech.com\/en\/enter-in-relatech\/","title":{"rendered":"Join Relatech"},"content":{"rendered":"<div data-elementor-type=\"wp-page\" data-elementor-id=\"3927\" class=\"elementor elementor-3927\" data-elementor-post-type=\"page\">\n\t\t\t\t<div data-dce-background-color=\"#FFFFFF\" data-dce-background-image-url=\"https:\/\/relatech.com\/wp-content\/uploads\/2025\/05\/ef7hn40wbaq.jpg\" class=\"elementor-element elementor-element-9ab2742 e-flex e-con-boxed e-con e-parent\" data-id=\"9ab2742\" data-element_type=\"container\" data-e-type=\"container\" data-settings=\"{&quot;background_background&quot;:&quot;classic&quot;}\">\n\t\t\t\t\t<div class=\"e-con-inner\">\n\t\t<div class=\"elementor-element elementor-element-8d0f85f e-flex e-con-boxed e-con e-child\" data-id=\"8d0f85f\" data-element_type=\"container\" data-e-type=\"container\">\n\t\t\t\t\t<div class=\"e-con-inner\">\n\t\t\t\t<div class=\"elementor-element elementor-element-972ca30 animated-fast elementor-widget__width-inherit elementor-invisible elementor-widget elementor-widget-heading\" data-id=\"972ca30\" data-element_type=\"widget\" data-e-type=\"widget\" data-settings=\"{&quot;_animation&quot;:&quot;fadeInUp&quot;}\" data-widget_type=\"heading.default\">\n\t\t\t\t\t<h1 class=\"elementor-heading-title elementor-size-default\">Here grow the talents that change the future<\/h1>\t\t\t\t<\/div>\n\t\t\t\t\t<\/div>\n\t\t\t\t<\/div>\n\t\t\t\t\t<\/div>\n\t\t\t\t<\/div>\n\t\t<div class=\"elementor-element elementor-element-38318ae e-flex e-con-boxed e-con e-parent\" data-id=\"38318ae\" data-element_type=\"container\" data-e-type=\"container\">\n\t\t\t\t\t<div class=\"e-con-inner\">\n\t\t<div class=\"elementor-element elementor-element-f739d42 e-con-full e-flex e-con e-child\" data-id=\"f739d42\" data-element_type=\"container\" data-e-type=\"container\">\n\t\t\t\t<div class=\"elementor-element elementor-element-c7d9b84 animated-fast elementor-widget__width-initial elementor-invisible elementor-widget elementor-widget-text-editor\" data-id=\"c7d9b84\" data-element_type=\"widget\" data-e-type=\"widget\" data-settings=\"{&quot;_animation&quot;:&quot;fadeInUp&quot;}\" data-widget_type=\"text-editor.default\">\n\t\t\t\t\t\t\t\t\t<p>At Relatech we are not looking for simple collaborators. No.<\/p><p>We are looking for talents, visions, personalities.<br \/>We are looking for people who can make a difference.<\/p><p>Why? Because, for us, each individual brings with them a unique mix of innovation, skills, digital education, passion, inclusiveness, motivation.<\/p><p>For this reason, we believe in and create a working environment where:<\/p>\t\t\t\t\t\t\t\t<\/div>\n\t\t<div class=\"elementor-element elementor-element-7760808 e-grid e-con-full e-con e-child\" data-id=\"7760808\" data-element_type=\"container\" data-e-type=\"container\">\n\t\t<div class=\"elementor-element elementor-element-8d165ca e-con-full e-flex e-con e-child\" data-id=\"8d165ca\" data-element_type=\"container\" data-e-type=\"container\" data-settings=\"{&quot;background_background&quot;:&quot;classic&quot;}\">\n\t\t\t\t<div class=\"elementor-element elementor-element-458c69d animated-fast elementor-widget__width-initial elementor-invisible elementor-widget elementor-widget-text-editor\" data-id=\"458c69d\" data-element_type=\"widget\" data-e-type=\"widget\" data-settings=\"{&quot;_animation&quot;:&quot;fadeInUp&quot;}\" data-widget_type=\"text-editor.default\">\n\t\t\t\t\t\t\t\t\t<p>Continuous training is the key to truly evolving<\/p>\t\t\t\t\t\t\t\t<\/div>\n\t\t\t\t<\/div>\n\t\t<div class=\"elementor-element elementor-element-8523821 e-con-full e-flex e-con e-child\" data-id=\"8523821\" data-element_type=\"container\" data-e-type=\"container\" data-settings=\"{&quot;background_background&quot;:&quot;classic&quot;}\">\n\t\t\t\t<div class=\"elementor-element elementor-element-e9d27e8 animated-fast elementor-widget__width-initial elementor-invisible elementor-widget elementor-widget-text-editor\" data-id=\"e9d27e8\" data-element_type=\"widget\" data-e-type=\"widget\" data-settings=\"{&quot;_animation&quot;:&quot;fadeInUp&quot;}\" data-widget_type=\"text-editor.default\">\n\t\t\t\t\t\t\t\t\tThe comparison between brilliant minds ignites new ideas\t\t\t\t\t\t\t\t<\/div>\n\t\t\t\t<\/div>\n\t\t<div class=\"elementor-element elementor-element-6117298 e-con-full e-flex e-con e-child\" data-id=\"6117298\" data-element_type=\"container\" data-e-type=\"container\" data-settings=\"{&quot;background_background&quot;:&quot;classic&quot;}\">\n\t\t\t\t<div class=\"elementor-element elementor-element-da35c9e animated-fast elementor-widget__width-initial elementor-invisible elementor-widget elementor-widget-text-editor\" data-id=\"da35c9e\" data-element_type=\"widget\" data-e-type=\"widget\" data-settings=\"{&quot;_animation&quot;:&quot;fadeInUp&quot;}\" data-widget_type=\"text-editor.default\">\n\t\t\t\t\t\t\t\t\tExperimentation is the engine of growth, both personal and professional.\t\t\t\t\t\t\t\t<\/div>\n\t\t\t\t<\/div>\n\t\t\t\t<\/div>\n\t\t\t\t<div class=\"elementor-element elementor-element-a2983b8 animated-fast elementor-widget__width-initial elementor-invisible elementor-widget elementor-widget-text-editor\" data-id=\"a2983b8\" data-element_type=\"widget\" data-e-type=\"widget\" data-settings=\"{&quot;_animation&quot;:&quot;fadeInUp&quot;}\" data-widget_type=\"text-editor.default\">\n\t\t\t\t\t\t\t\t\t<p>If you also want to be part of a dynamic, ambitious and challenging context, you could be the right person for us.<\/p><p>Check out our open positions.<br \/>The next step in your career could start here. At Relatech.<\/p>\t\t\t\t\t\t\t\t<\/div>\n\t\t\t\t<\/div>\n\t\t\t\t\t<\/div>\n\t\t\t\t<\/div>\n\t\t<div data-dce-background-color=\"#FFFFFF\" data-dce-background-image-url=\"https:\/\/relatech.com\/wp-content\/uploads\/2025\/04\/bg_deco_banner.png\" class=\"elementor-element elementor-element-b0b5488 e-flex e-con-boxed e-con e-parent\" data-id=\"b0b5488\" data-element_type=\"container\" data-e-type=\"container\" data-settings=\"{&quot;background_background&quot;:&quot;classic&quot;}\">\n\t\t\t\t\t<div class=\"e-con-inner\">\n\t\t<div class=\"elementor-element elementor-element-0e252f1 e-con-full e-grid e-con e-child\" data-id=\"0e252f1\" data-element_type=\"container\" data-e-type=\"container\">\n\t\t<div class=\"elementor-element elementor-element-4ec787e e-con-full e-flex e-con e-child\" data-id=\"4ec787e\" data-element_type=\"container\" data-e-type=\"container\">\n\t\t\t\t<div class=\"elementor-element elementor-element-3f27e8f animated-fast elementor-invisible elementor-widget elementor-widget-heading\" data-id=\"3f27e8f\" data-element_type=\"widget\" data-e-type=\"widget\" data-settings=\"{&quot;_animation&quot;:&quot;fadeInUp&quot;}\" data-widget_type=\"heading.default\">\n\t\t\t\t\t<h2 class=\"elementor-heading-title elementor-size-default\">Join Relatech<\/h2>\t\t\t\t<\/div>\n\t\t\t\t<div class=\"elementor-element elementor-element-bd624d9 animated-fast elementor-invisible elementor-widget elementor-widget-heading\" data-id=\"bd624d9\" data-element_type=\"widget\" data-e-type=\"widget\" data-settings=\"{&quot;_animation&quot;:&quot;fadeInUp&quot;}\" data-widget_type=\"heading.default\">\n\t\t\t\t\t<span class=\"elementor-heading-title elementor-size-default\">Relatech is the reality where ideas, technology and people meet to innovate and grow sustainably. <\/span>\t\t\t\t<\/div>\n\t\t\t\t<div class=\"elementor-element elementor-element-01a24d0 elementor-invisible elementor-widget elementor-widget-text-editor\" data-id=\"01a24d0\" data-element_type=\"widget\" data-e-type=\"widget\" data-settings=\"{&quot;_animation&quot;:&quot;fadeInUp&quot;,&quot;_animation_delay&quot;:200}\" data-widget_type=\"text-editor.default\">\n\t\t\t\t\t\t\t\t\t<p>Join our team!<\/p>\t\t\t\t\t\t\t\t<\/div>\n\t\t\t\t<div class=\"elementor-element elementor-element-48ffdbe animated-fast elementor-invisible elementor-widget elementor-widget-image\" data-id=\"48ffdbe\" data-element_type=\"widget\" data-e-type=\"widget\" data-settings=\"{&quot;_animation&quot;:&quot;fadeInUp&quot;,&quot;_animation_delay&quot;:400}\" data-widget_type=\"image.default\">\n\t\t\t\t\t\t\t\t\t\t\t\t\t\t\t<img fetchpriority=\"high\" decoding=\"async\" width=\"800\" height=\"534\" src=\"https:\/\/relatech.com\/wp-content\/uploads\/2025\/05\/lq1t-8ms5py-1024x683.jpg\" class=\"attachment-large size-large wp-image-4146\" alt=\"two women sitting beside table and talking\" srcset=\"https:\/\/relatech.com\/wp-content\/uploads\/2025\/05\/lq1t-8ms5py-1024x683.jpg 1024w, https:\/\/relatech.com\/wp-content\/uploads\/2025\/05\/lq1t-8ms5py-300x200.jpg 300w, https:\/\/relatech.com\/wp-content\/uploads\/2025\/05\/lq1t-8ms5py-768x512.jpg 768w, https:\/\/relatech.com\/wp-content\/uploads\/2025\/05\/lq1t-8ms5py-1536x1024.jpg 1536w, https:\/\/relatech.com\/wp-content\/uploads\/2025\/05\/lq1t-8ms5py.jpg 1600w\" sizes=\"(max-width: 800px) 100vw, 800px\" \/>\t\t\t\t\t\t\t\t\t\t\t\t\t\t\t<\/div>\n\t\t\t\t<\/div>\n\t\t<div class=\"elementor-element elementor-element-89adb18 e-con-full e-flex e-con e-child\" data-id=\"89adb18\" data-element_type=\"container\" data-e-type=\"container\">\n\t\t\t\t<div class=\"elementor-element elementor-element-943402a elementor-align-right customButton animated-fast elementor-invisible elementor-widget elementor-widget-button\" data-id=\"943402a\" data-element_type=\"widget\" data-e-type=\"widget\" data-settings=\"{&quot;_animation&quot;:&quot;fadeInUp&quot;}\" data-widget_type=\"button.default\">\n\t\t\t\t\t\t\t\t\t\t<a class=\"elementor-button elementor-button-link elementor-size-sm\" href=\"https:\/\/relatech.com\/en\/work-with-us\/\">\n\t\t\t\t\t\t<span class=\"elementor-button-content-wrapper\">\n\t\t\t\t\t\t<span class=\"elementor-button-icon\">\n\t\t\t\t<svg aria-hidden=\"true\" class=\"e-font-icon-svg e-fas-chevron-right\" viewbox=\"0 0 320 512\" xmlns=\"http:\/\/www.w3.org\/2000\/svg\"><path d=\"M285.476 272.971L91.132 467.314c-9.373 9.373-24.569 9.373-33.941 0l-22.667-22.667c-9.357-9.357-9.375-24.522-.04-33.901L188.505 256 34.484 101.255c-9.335-9.379-9.317-24.544.04-33.901l22.667-22.667c9.373-9.373 24.569-9.373 33.941 0L285.475 239.03c9.373 9.372 9.373 24.568.001 33.941z\"><\/path><\/svg>\t\t\t<\/span>\n\t\t\t\t\t\t\t\t\t<span class=\"elementor-button-text\">Discover all the open positions<\/span>\n\t\t\t\t\t<\/span>\n\t\t\t\t\t<\/a>\n\t\t\t\t\t\t\t\t<\/div>\n\t\t\t\t<div class=\"elementor-element elementor-element-44f186b animated-fast elementor-invisible elementor-widget elementor-widget-html\" data-id=\"44f186b\" data-element_type=\"widget\" data-e-type=\"widget\" data-settings=\"{&quot;_animation&quot;:&quot;fadeInUp&quot;,&quot;_animation_delay&quot;:200}\" data-widget_type=\"html.default\">\n\t\t\t\t\t<script src=\"https:\/\/joblink.allibo.com\/ats2\/Widget\/jq\"><\/script>\n<script src=\"https:\/\/joblink.allibo.com\/ats2\/Widget\/js\"><\/script>\n<a style=\"text-decoration: none; cursor: default;\" href=\"https:\/\/allibo.com\" rel=\"follow\" data-allibo=\"https:\/\/joblink.allibo.com\/ats2\/Widget\/connector.aspx?DM=pZqR9gejGdaz2TOZe3wU6EQfINc0sLfaHcZDTWP2%2BxA%3D&amp;SG=2&amp;FT=462&amp;LN=IT\" target=\"_blank\">-<\/a>\t\t\t\t<\/div>\n\t\t\t\t<\/div>\n\t\t\t\t<\/div>\n\t\t\t\t\t<\/div>\n\t\t\t\t<\/div>\n\t\t\t\t<\/div>","protected":false},"excerpt":{"rendered":"<p>Qui crescono i Talenti che cambiano il futuro In Relatech non cerchiamo semplici collaboratori. No. Cerchiamo talenti, visioni, personalit\u00e0.Cerchiamo persone capaci di fare la differenza. Perch\u00e9? Perch\u00e9, per noi, ogni individuo porta con s\u00e9 un mix unico di innovazione, competenze, educazione digitale, passione, inclusivit\u00e0, motivazione. Per questo, crediamo e creiamo un ambiente di lavoro dove: [&hellip;]<\/p>\n","protected":false},"author":1,"featured_media":0,"parent":0,"menu_order":0,"comment_status":"closed","ping_status":"closed","template":"","meta":{"_acf_changed":false,"content-type":"","footnotes":""},"class_list":["post-3927","page","type-page","status-publish","hentry"],"acf":[],"yoast_head":"<!-- This site is optimized with the Yoast SEO Premium plugin v25.0 (Yoast SEO v27.4) - https:\/\/yoast.com\/product\/yoast-seo-premium-wordpress\/ -->\n<title>Entra in Relatech | Relatech | Innovazione e Trasformazione Digitale per Aziende<\/title>\n<meta name=\"robots\" content=\"index, follow, max-snippet:-1, max-image-preview:large, max-video-preview:-1\" \/>\n<link rel=\"canonical\" href=\"https:\/\/relatech.com\/en\/enter-in-relatech\/\" \/>\n<meta property=\"og:locale\" content=\"en_GB\" \/>\n<meta property=\"og:type\" content=\"article\" \/>\n<meta property=\"og:title\" content=\"Entra in Relatech\" \/>\n<meta property=\"og:description\" content=\"Qui crescono i Talenti che cambiano il futuro In Relatech non cerchiamo semplici collaboratori. No. Cerchiamo talenti, visioni, personalit\u00e0.Cerchiamo persone capaci di fare la differenza. Perch\u00e9? Perch\u00e9, per noi, ogni individuo porta con s\u00e9 un mix unico di innovazione, competenze, educazione digitale, passione, inclusivit\u00e0, motivazione. Per questo, crediamo e creiamo un ambiente di lavoro dove: [&hellip;]\" \/>\n<meta property=\"og:url\" content=\"https:\/\/relatech.com\/en\/enter-in-relatech\/\" \/>\n<meta property=\"og:site_name\" content=\"Relatech | Innovazione e Trasformazione Digitale per Aziende\" \/>\n<meta property=\"article:modified_time\" content=\"2025-05-13T07:17:00+00:00\" \/>\n<meta property=\"og:image\" content=\"https:\/\/relatech.com\/wp-content\/uploads\/2025\/05\/lq1t-8ms5py-1024x683.jpg\" \/>\n<meta name=\"twitter:card\" content=\"summary_large_image\" \/>\n<meta name=\"twitter:label1\" content=\"Estimated reading time\" \/>\n\t<meta name=\"twitter:data1\" content=\"2 minutes\" \/>\n<script type=\"application\/ld+json\" class=\"yoast-schema-graph\">{\"@context\":\"https:\\\/\\\/schema.org\",\"@graph\":[{\"@type\":\"WebPage\",\"@id\":\"https:\\\/\\\/relatech.com\\\/entra-in-relatech\\\/\",\"url\":\"https:\\\/\\\/relatech.com\\\/entra-in-relatech\\\/\",\"name\":\"Entra in Relatech | Relatech | Innovazione e Trasformazione Digitale per Aziende\",\"isPartOf\":{\"@id\":\"https:\\\/\\\/relatech.com\\\/#website\"},\"primaryImageOfPage\":{\"@id\":\"https:\\\/\\\/relatech.com\\\/entra-in-relatech\\\/#primaryimage\"},\"image\":{\"@id\":\"https:\\\/\\\/relatech.com\\\/entra-in-relatech\\\/#primaryimage\"},\"thumbnailUrl\":\"https:\\\/\\\/relatech.com\\\/wp-content\\\/uploads\\\/2025\\\/05\\\/lq1t-8ms5py-1024x683.jpg\",\"datePublished\":\"2025-05-07T14:22:46+00:00\",\"dateModified\":\"2025-05-13T07:17:00+00:00\",\"breadcrumb\":{\"@id\":\"https:\\\/\\\/relatech.com\\\/entra-in-relatech\\\/#breadcrumb\"},\"inLanguage\":\"en-GB\",\"potentialAction\":[{\"@type\":\"ReadAction\",\"target\":[\"https:\\\/\\\/relatech.com\\\/entra-in-relatech\\\/\"]}]},{\"@type\":\"ImageObject\",\"inLanguage\":\"en-GB\",\"@id\":\"https:\\\/\\\/relatech.com\\\/entra-in-relatech\\\/#primaryimage\",\"url\":\"https:\\\/\\\/relatech.com\\\/wp-content\\\/uploads\\\/2025\\\/05\\\/lq1t-8ms5py-1024x683.jpg\",\"contentUrl\":\"https:\\\/\\\/relatech.com\\\/wp-content\\\/uploads\\\/2025\\\/05\\\/lq1t-8ms5py-1024x683.jpg\"},{\"@type\":\"BreadcrumbList\",\"@id\":\"https:\\\/\\\/relatech.com\\\/entra-in-relatech\\\/#breadcrumb\",\"itemListElement\":[{\"@type\":\"ListItem\",\"position\":1,\"name\":\"Home\",\"item\":\"https:\\\/\\\/relatech.com\\\/\"},{\"@type\":\"ListItem\",\"position\":2,\"name\":\"Entra in Relatech\"}]},{\"@type\":\"WebSite\",\"@id\":\"https:\\\/\\\/relatech.com\\\/#website\",\"url\":\"https:\\\/\\\/relatech.com\\\/\",\"name\":\"Relatech | Innovazione e Trasformazione Digitale per Aziende\",\"description\":\"Relatech \u00e8 il partner per la digital transformation delle aziende. Consulenza strategica, digital enabler e soluzioni verticali per l&#039;innovazione digitale.\",\"publisher\":{\"@id\":\"https:\\\/\\\/relatech.com\\\/#organization\"},\"potentialAction\":[{\"@type\":\"SearchAction\",\"target\":{\"@type\":\"EntryPoint\",\"urlTemplate\":\"https:\\\/\\\/relatech.com\\\/?s={search_term_string}\"},\"query-input\":{\"@type\":\"PropertyValueSpecification\",\"valueRequired\":true,\"valueName\":\"search_term_string\"}}],\"inLanguage\":\"en-GB\"},{\"@type\":\"Organization\",\"@id\":\"https:\\\/\\\/relatech.com\\\/#organization\",\"name\":\"Relatech S.p.A.\",\"url\":\"https:\\\/\\\/relatech.com\\\/\",\"logo\":{\"@type\":\"ImageObject\",\"inLanguage\":\"en-GB\",\"@id\":\"https:\\\/\\\/relatech.com\\\/#\\\/schema\\\/logo\\\/image\\\/\",\"url\":\"\",\"contentUrl\":\"\",\"caption\":\"Relatech S.p.A.\"},\"image\":{\"@id\":\"https:\\\/\\\/relatech.com\\\/#\\\/schema\\\/logo\\\/image\\\/\"}}]}<\/script>\n<!-- \/ Yoast SEO Premium plugin. -->","yoast_head_json":{"title":"Join Relatech | Relatech | Innovation and Digital Transformation for Companies","robots":{"index":"index","follow":"follow","max-snippet":"max-snippet:-1","max-image-preview":"max-image-preview:large","max-video-preview":"max-video-preview:-1"},"canonical":"https:\/\/relatech.com\/en\/enter-in-relatech\/","og_locale":"en_GB","og_type":"article","og_title":"Entra in Relatech","og_description":"Qui crescono i Talenti che cambiano il futuro In Relatech non cerchiamo semplici collaboratori. No. Cerchiamo talenti, visioni, personalit\u00e0.Cerchiamo persone capaci di fare la differenza. Perch\u00e9? Perch\u00e9, per noi, ogni individuo porta con s\u00e9 un mix unico di innovazione, competenze, educazione digitale, passione, inclusivit\u00e0, motivazione. Per questo, crediamo e creiamo un ambiente di lavoro dove: [&hellip;]","og_url":"https:\/\/relatech.com\/en\/enter-in-relatech\/","og_site_name":"Relatech | Innovazione e Trasformazione Digitale per Aziende","article_modified_time":"2025-05-13T07:17:00+00:00","og_image":[{"url":"https:\/\/relatech.com\/wp-content\/uploads\/2025\/05\/lq1t-8ms5py-1024x683.jpg","type":"","width":"","height":""}],"twitter_card":"summary_large_image","twitter_misc":{"Estimated reading time":"2 minutes"},"schema":{"@context":"https:\/\/schema.org","@graph":[{"@type":"WebPage","@id":"https:\/\/relatech.com\/entra-in-relatech\/","url":"https:\/\/relatech.com\/entra-in-relatech\/","name":"Join Relatech | Relatech | Innovation and Digital Transformation for Companies","isPartOf":{"@id":"https:\/\/relatech.com\/#website"},"primaryImageOfPage":{"@id":"https:\/\/relatech.com\/entra-in-relatech\/#primaryimage"},"image":{"@id":"https:\/\/relatech.com\/entra-in-relatech\/#primaryimage"},"thumbnailUrl":"https:\/\/relatech.com\/wp-content\/uploads\/2025\/05\/lq1t-8ms5py-1024x683.jpg","datePublished":"2025-05-07T14:22:46+00:00","dateModified":"2025-05-13T07:17:00+00:00","breadcrumb":{"@id":"https:\/\/relatech.com\/entra-in-relatech\/#breadcrumb"},"inLanguage":"en-GB","potentialAction":[{"@type":"ReadAction","target":["https:\/\/relatech.com\/entra-in-relatech\/"]}]},{"@type":"ImageObject","inLanguage":"en-GB","@id":"https:\/\/relatech.com\/entra-in-relatech\/#primaryimage","url":"https:\/\/relatech.com\/wp-content\/uploads\/2025\/05\/lq1t-8ms5py-1024x683.jpg","contentUrl":"https:\/\/relatech.com\/wp-content\/uploads\/2025\/05\/lq1t-8ms5py-1024x683.jpg"},{"@type":"BreadcrumbList","@id":"https:\/\/relatech.com\/entra-in-relatech\/#breadcrumb","itemListElement":[{"@type":"ListItem","position":1,"name":"Home","item":"https:\/\/relatech.com\/"},{"@type":"ListItem","position":2,"name":"Entra in Relatech"}]},{"@type":"WebSite","@id":"https:\/\/relatech.com\/#website","url":"https:\/\/relatech.com\/","name":"Relatech | Innovation and Digital Transformation for Companies","description":"Relatech is the partner for the digital transformation of companies. Strategic consulting, digital enabler and vertical solutions for digital innovation.","publisher":{"@id":"https:\/\/relatech.com\/#organization"},"potentialAction":[{"@type":"SearchAction","target":{"@type":"EntryPoint","urlTemplate":"https:\/\/relatech.com\/?s={search_term_string}"},"query-input":{"@type":"PropertyValueSpecification","valueRequired":true,"valueName":"search_term_string"}}],"inLanguage":"en-GB"},{"@type":"Organization","@id":"https:\/\/relatech.com\/#organization","name":"Relatech SpA","url":"https:\/\/relatech.com\/","logo":{"@type":"ImageObject","inLanguage":"en-GB","@id":"https:\/\/relatech.com\/#\/schema\/logo\/image\/","url":"","contentUrl":"","caption":"Relatech S.p.A."},"image":{"@id":"https:\/\/relatech.com\/#\/schema\/logo\/image\/"}}]}},"_links":{"self":[{"href":"https:\/\/relatech.com\/en\/wp-json\/wp\/v2\/pages\/3927","targetHints":{"allow":["GET"]}}],"collection":[{"href":"https:\/\/relatech.com\/en\/wp-json\/wp\/v2\/pages"}],"about":[{"href":"https:\/\/relatech.com\/en\/wp-json\/wp\/v2\/types\/page"}],"author":[{"embeddable":true,"href":"https:\/\/relatech.com\/en\/wp-json\/wp\/v2\/users\/1"}],"replies":[{"embeddable":true,"href":"https:\/\/relatech.com\/en\/wp-json\/wp\/v2\/comments?post=3927"}],"version-history":[{"count":3,"href":"https:\/\/relatech.com\/en\/wp-json\/wp\/v2\/pages\/3927\/revisions"}],"predecessor-version":[{"id":11304,"href":"https:\/\/relatech.com\/en\/wp-json\/wp\/v2\/pages\/3927\/revisions\/11304"}],"wp:attachment":[{"href":"https:\/\/relatech.com\/en\/wp-json\/wp\/v2\/media?parent=3927"}],"curies":[{"name":"wp","href":"https:\/\/api.w.org\/{rel}","templated":true}]}}