{"id":5176,"date":"2025-05-09T21:25:21","date_gmt":"2025-05-09T19:25:21","guid":{"rendered":"https:\/\/relatech.com\/?page_id=5176"},"modified":"2026-01-16T18:44:00","modified_gmt":"2026-01-16T17:44:00","slug":"sepasoft","status":"publish","type":"page","link":"https:\/\/relatech.com\/de\/technologiepartner\/sepasoft\/","title":{"rendered":"Sepasoft"},"content":{"rendered":"<div data-elementor-type=\"wp-page\" data-elementor-id=\"5176\" class=\"elementor elementor-5176\" data-elementor-post-type=\"page\">\n\t\t\t\t<div data-dce-background-color=\"#FFFFFF\" data-dce-background-image-url=\"https:\/\/relatech.com\/wp-content\/uploads\/2025\/05\/xd5swy7hmbw.jpg\" class=\"elementor-element elementor-element-a59a5ed e-flex e-con-boxed e-con e-parent\" data-id=\"a59a5ed\" data-element_type=\"container\" data-e-type=\"container\" data-settings=\"{&quot;background_background&quot;:&quot;classic&quot;}\">\n\t\t\t\t\t<div class=\"e-con-inner\">\n\t\t<div class=\"elementor-element elementor-element-b76db37 e-flex e-con-boxed e-con e-child\" data-id=\"b76db37\" data-element_type=\"container\" data-e-type=\"container\">\n\t\t\t\t\t<div class=\"e-con-inner\">\n\t\t\t\t<div class=\"elementor-element elementor-element-8dbb553 animated-fast elementor-widget__width-inherit elementor-invisible elementor-widget elementor-widget-heading\" data-id=\"8dbb553\" data-element_type=\"widget\" data-e-type=\"widget\" data-settings=\"{&quot;_animation&quot;:&quot;fadeInUp&quot;}\" data-widget_type=\"heading.default\">\n\t\t\t\t\t<h1 class=\"elementor-heading-title elementor-size-default\">Sepasoft<\/h1>\t\t\t\t<\/div>\n\t\t\t\t\t<\/div>\n\t\t\t\t<\/div>\n\t\t\t\t\t<\/div>\n\t\t\t\t<\/div>\n\t\t<div class=\"elementor-element elementor-element-6659037 e-grid e-con-boxed e-con e-parent\" data-id=\"6659037\" data-element_type=\"container\" data-e-type=\"container\">\n\t\t\t\t\t<div class=\"e-con-inner\">\n\t\t\t\t<div class=\"elementor-element elementor-element-75cfe0b elementor-widget elementor-widget-image\" data-id=\"75cfe0b\" data-element_type=\"widget\" data-e-type=\"widget\" data-widget_type=\"image.default\">\n\t\t\t\t\t\t\t\t\t\t\t\t\t\t\t<img fetchpriority=\"high\" decoding=\"async\" width=\"690\" height=\"180\" src=\"https:\/\/relatech.com\/wp-content\/uploads\/2025\/05\/Sepasoft-logo.png\" class=\"attachment-large size-large wp-image-5178\" alt=\"\" srcset=\"https:\/\/relatech.com\/wp-content\/uploads\/2025\/05\/Sepasoft-logo.png 690w, https:\/\/relatech.com\/wp-content\/uploads\/2025\/05\/Sepasoft-logo-300x78.png 300w\" sizes=\"(max-width: 690px) 100vw, 690px\" \/>\t\t\t\t\t\t\t\t\t\t\t\t\t\t\t<\/div>\n\t\t\t\t<div class=\"elementor-element elementor-element-5bce82d animated-fast elementor-widget__width-initial elementor-widget-mobile__width-inherit elementor-invisible elementor-widget elementor-widget-text-editor\" data-id=\"5bce82d\" data-element_type=\"widget\" data-e-type=\"widget\" data-settings=\"{&quot;_animation&quot;:&quot;fadeInUp&quot;}\" data-widget_type=\"text-editor.default\">\n\t\t\t\t\t\t\t\t\t<p>MES-L\u00f6sungen f\u00fcr die Produktionsumgebung zur Steigerung der Effizienz in jeder Phase des Produktionsprozesses.<\/p>\t\t\t\t\t\t\t\t<\/div>\n\t\t\t\t\t<\/div>\n\t\t\t\t<\/div>\n\t\t<div data-dce-background-color=\"#FFFFFF\" class=\"elementor-element elementor-element-f878f8a e-flex e-con-boxed e-con e-parent\" data-id=\"f878f8a\" data-element_type=\"container\" data-e-type=\"container\" data-settings=\"{&quot;background_background&quot;:&quot;classic&quot;}\">\n\t\t\t\t\t<div class=\"e-con-inner\">\n\t\t<div data-dce-background-color=\"#FFFFFF\" class=\"elementor-element elementor-element-8b72873 e-con-full e-grid e-con e-child\" data-id=\"8b72873\" data-element_type=\"container\" data-e-type=\"container\" data-settings=\"{&quot;background_background&quot;:&quot;classic&quot;}\">\n\t\t<div class=\"elementor-element elementor-element-c10edd6 e-con-full animated-fast e-flex elementor-invisible e-con e-child\" data-id=\"c10edd6\" data-element_type=\"container\" data-e-type=\"container\" data-settings=\"{&quot;animation&quot;:&quot;fadeInUp&quot;}\">\n\t\t\t\t<div class=\"elementor-element elementor-element-f43767b animated-fast elementor-widget elementor-widget-heading\" data-id=\"f43767b\" data-element_type=\"widget\" data-e-type=\"widget\" data-settings=\"{&quot;_animation&quot;:&quot;none&quot;}\" data-widget_type=\"heading.default\">\n\t\t\t\t\t<h3 class=\"elementor-heading-title elementor-size-default\">Plattform f\u00fcr industrielle Automatisierung<\/h3>\t\t\t\t<\/div>\n\t\t\t\t<div class=\"elementor-element elementor-element-1003bdb elementor-widget elementor-widget-text-editor\" data-id=\"1003bdb\" data-element_type=\"widget\" data-e-type=\"widget\" data-widget_type=\"text-editor.default\">\n\t\t\t\t\t\t\t\t\t<p>Sepasoft ist ein amerikanisches Unternehmen, das MES-Systeme f\u00fcr die Fertigung entwickelt. Die Sepasoft\u00ae MES-Suite (Manufacturing Execution System) bietet Echtzeitkontrolle, R\u00fcckverfolgbarkeit und Dokumentation aller Vorg\u00e4nge im Zusammenhang mit der Umwandlung von Rohstoffen und Fertigprodukten. Dieses MES-System ist in der Lage, die Produktion auf die Sekunde genau und in manchen F\u00e4llen sogar auf weniger als eine Sekunde zu verfolgen.<\/p>\t\t\t\t\t\t\t\t<\/div>\n\t\t\t\t<div data-dce-background-color=\"#02010100\" class=\"elementor-element elementor-element-ae09079 elementor-align-left customButton animated-fast elementor-invisible elementor-widget elementor-widget-button\" data-id=\"ae09079\" data-element_type=\"widget\" data-e-type=\"widget\" data-settings=\"{&quot;_animation&quot;:&quot;fadeInUp&quot;}\" data-widget_type=\"button.default\">\n\t\t\t\t\t\t\t\t\t\t<a class=\"elementor-button elementor-button-link elementor-size-sm\" href=\"https:\/\/relatech.com\/de\/technologiepartner\/induktive-automatisierung\/zundung-8-plattform\/\">\n\t\t\t\t\t\t<span class=\"elementor-button-content-wrapper\">\n\t\t\t\t\t\t<span class=\"elementor-button-icon\">\n\t\t\t\t<svg aria-hidden=\"true\" class=\"e-font-icon-svg e-fas-chevron-right\" viewbox=\"0 0 320 512\" xmlns=\"http:\/\/www.w3.org\/2000\/svg\"><path d=\"M285.476 272.971L91.132 467.314c-9.373 9.373-24.569 9.373-33.941 0l-22.667-22.667c-9.357-9.357-9.375-24.522-.04-33.901L188.505 256 34.484 101.255c-9.335-9.379-9.317-24.544.04-33.901l22.667-22.667c9.373-9.373 24.569-9.373 33.941 0L285.475 239.03c9.373 9.372 9.373 24.568.001 33.941z\"><\/path><\/svg>\t\t\t<\/span>\n\t\t\t\t\t\t\t\t\t<span class=\"elementor-button-text\">Entdecken Sie unsere L\u00f6sung<\/span>\n\t\t\t\t\t<\/span>\n\t\t\t\t\t<\/a>\n\t\t\t\t\t\t\t\t<\/div>\n\t\t\t\t<\/div>\n\t\t\t\t<div class=\"elementor-element elementor-element-0885b14 elementor-widget elementor-widget-image\" data-id=\"0885b14\" data-element_type=\"widget\" data-e-type=\"widget\" data-widget_type=\"image.default\">\n\t\t\t\t\t\t\t\t\t\t\t\t\t\t\t<img decoding=\"async\" width=\"800\" height=\"645\" src=\"https:\/\/relatech.com\/wp-content\/uploads\/2025\/05\/Production-Lines-1-1-1024x825.png\" class=\"attachment-large size-large wp-image-5182\" alt=\"\" srcset=\"https:\/\/relatech.com\/wp-content\/uploads\/2025\/05\/Production-Lines-1-1-1024x825.png 1024w, https:\/\/relatech.com\/wp-content\/uploads\/2025\/05\/Production-Lines-1-1-300x242.png 300w, https:\/\/relatech.com\/wp-content\/uploads\/2025\/05\/Production-Lines-1-1-768x619.png 768w, https:\/\/relatech.com\/wp-content\/uploads\/2025\/05\/Production-Lines-1-1-1536x1237.png 1536w, https:\/\/relatech.com\/wp-content\/uploads\/2025\/05\/Production-Lines-1-1-2048x1650.png 2048w\" sizes=\"(max-width: 800px) 100vw, 800px\" \/>\t\t\t\t\t\t\t\t\t\t\t\t\t\t\t<\/div>\n\t\t\t\t<\/div>\n\t\t<div data-dce-background-color=\"#FFFFFF\" class=\"elementor-element elementor-element-83f9600 e-con-full e-grid e-con e-child\" data-id=\"83f9600\" data-element_type=\"container\" data-e-type=\"container\" data-settings=\"{&quot;background_background&quot;:&quot;classic&quot;}\">\n\t\t\t\t<div class=\"elementor-element elementor-element-71e8503 elementor-widget elementor-widget-image\" data-id=\"71e8503\" data-element_type=\"widget\" data-e-type=\"widget\" data-widget_type=\"image.default\">\n\t\t\t\t\t\t\t\t\t\t\t\t\t\t\t<img decoding=\"async\" width=\"800\" height=\"644\" src=\"https:\/\/relatech.com\/wp-content\/uploads\/2025\/05\/Globally-Connected-Enterprise-erp-biz-systems-1024x824.png\" class=\"attachment-large size-large wp-image-5183\" alt=\"\" srcset=\"https:\/\/relatech.com\/wp-content\/uploads\/2025\/05\/Globally-Connected-Enterprise-erp-biz-systems-1024x824.png 1024w, https:\/\/relatech.com\/wp-content\/uploads\/2025\/05\/Globally-Connected-Enterprise-erp-biz-systems-300x242.png 300w, https:\/\/relatech.com\/wp-content\/uploads\/2025\/05\/Globally-Connected-Enterprise-erp-biz-systems-768x618.png 768w, https:\/\/relatech.com\/wp-content\/uploads\/2025\/05\/Globally-Connected-Enterprise-erp-biz-systems-1536x1237.png 1536w, https:\/\/relatech.com\/wp-content\/uploads\/2025\/05\/Globally-Connected-Enterprise-erp-biz-systems-2048x1649.png 2048w\" sizes=\"(max-width: 800px) 100vw, 800px\" \/>\t\t\t\t\t\t\t\t\t\t\t\t\t\t\t<\/div>\n\t\t<div class=\"elementor-element elementor-element-94f6591 e-con-full animated-fast e-flex elementor-invisible e-con e-child\" data-id=\"94f6591\" data-element_type=\"container\" data-e-type=\"container\" data-settings=\"{&quot;animation&quot;:&quot;fadeInUp&quot;}\">\n\t\t\t\t<div class=\"elementor-element elementor-element-dc1f9d9 animated-fast elementor-widget elementor-widget-heading\" data-id=\"dc1f9d9\" data-element_type=\"widget\" data-e-type=\"widget\" data-settings=\"{&quot;_animation&quot;:&quot;none&quot;}\" data-widget_type=\"heading.default\">\n\t\t\t\t\t<h3 class=\"elementor-heading-title elementor-size-default\">Vorteile<\/h3>\t\t\t\t<\/div>\n\t\t\t\t<div class=\"elementor-element elementor-element-b295bff elementor-widget elementor-widget-text-editor\" data-id=\"b295bff\" data-element_type=\"widget\" data-e-type=\"widget\" data-widget_type=\"text-editor.default\">\n\t\t\t\t\t\t\t\t\tZu den wichtigsten Vorteilen des Sepasoft\u00ae MES-Systems geh\u00f6ren:\n<ul class=\"list-disc ml-10 mt-2\">\n \t<li>Detaillierte Ressourcen- und Statusplanung<\/li>\n \t<li>Zuweisung von Produktions- und Sequenzierungsaufgaben<\/li>\n \t<li>R\u00fcckverfolgbarkeit und Genealogie<\/li>\n \t<li>Angaben zu laufenden Arbeiten und Lagerbestand<\/li>\n \t<li>Arbeitsanweisungen zur Qualit\u00e4tssicherung und Kontrolle anderer Dokumente<\/li>\n \t<li>Leistungsanalyse<\/li>\n<\/ul>\t\t\t\t\t\t\t\t<\/div>\n\t\t\t\t<div data-dce-background-color=\"#02010100\" class=\"elementor-element elementor-element-188741e elementor-align-left customButton animated-fast elementor-invisible elementor-widget elementor-widget-button\" data-id=\"188741e\" data-element_type=\"widget\" data-e-type=\"widget\" data-settings=\"{&quot;_animation&quot;:&quot;fadeInUp&quot;}\" data-widget_type=\"button.default\">\n\t\t\t\t\t\t\t\t\t\t<a class=\"elementor-button elementor-button-link elementor-size-sm\" href=\"https:\/\/relatech.com\/de\/technologiepartner\/induktive-automatisierung\/zundung-8-plattform\/\">\n\t\t\t\t\t\t<span class=\"elementor-button-content-wrapper\">\n\t\t\t\t\t\t<span class=\"elementor-button-icon\">\n\t\t\t\t<svg aria-hidden=\"true\" class=\"e-font-icon-svg e-fas-chevron-right\" viewbox=\"0 0 320 512\" xmlns=\"http:\/\/www.w3.org\/2000\/svg\"><path d=\"M285.476 272.971L91.132 467.314c-9.373 9.373-24.569 9.373-33.941 0l-22.667-22.667c-9.357-9.357-9.375-24.522-.04-33.901L188.505 256 34.484 101.255c-9.335-9.379-9.317-24.544.04-33.901l22.667-22.667c9.373-9.373 24.569-9.373 33.941 0L285.475 239.03c9.373 9.372 9.373 24.568.001 33.941z\"><\/path><\/svg>\t\t\t<\/span>\n\t\t\t\t\t\t\t\t\t<span class=\"elementor-button-text\">Entdecken Sie unsere L\u00f6sung<\/span>\n\t\t\t\t\t<\/span>\n\t\t\t\t\t<\/a>\n\t\t\t\t\t\t\t\t<\/div>\n\t\t\t\t<\/div>\n\t\t\t\t<\/div>\n\t\t\t\t\t<\/div>\n\t\t\t\t<\/div>\n\t\t<div class=\"elementor-element elementor-element-8ca38c3 e-flex e-con-boxed e-con e-parent\" data-id=\"8ca38c3\" data-element_type=\"container\" data-e-type=\"container\">\n\t\t\t\t\t<div class=\"e-con-inner\">\n\t\t<div class=\"elementor-element elementor-element-545a535 e-con-full e-flex e-con e-child\" data-id=\"545a535\" data-element_type=\"container\" data-e-type=\"container\">\n\t\t\t\t<div class=\"elementor-element elementor-element-e26c3ee animated-fast elementor-widget elementor-widget-heading\" data-id=\"e26c3ee\" data-element_type=\"widget\" data-e-type=\"widget\" data-settings=\"{&quot;_animation&quot;:&quot;none&quot;}\" data-widget_type=\"heading.default\">\n\t\t\t\t\t<h3 class=\"elementor-heading-title elementor-size-default\">Aber was ist ein Manufacturing Execution System (MES)?\n<\/h3>\t\t\t\t<\/div>\n\t\t\t\t<\/div>\n\t\t<div class=\"elementor-element elementor-element-732b4a7 e-con-full e-grid e-con e-child\" data-id=\"732b4a7\" data-element_type=\"container\" data-e-type=\"container\">\n\t\t\t\t<div class=\"elementor-element elementor-element-637a92d elementor-widget elementor-widget-text-editor\" data-id=\"637a92d\" data-element_type=\"widget\" data-e-type=\"widget\" data-widget_type=\"text-editor.default\">\n\t\t\t\t\t\t\t\t\t<p>Fertigungsunternehmen m\u00fcssen Materialien, Lieferungen, Finanzen, Personal usw. koordinieren. Diese Organisationen erfordern die Implementierung von Prozessen von der Unternehmensspitze aus, einschlie\u00dflich Bereichen wie Finanzen, Einkauf, Vertrieb usw., bis hinunter zur Fabrikhalle, wo Maschinenbediener das Produkt nach entsprechenden Qualit\u00e4tsstandards herstellen.<\/p><p>In der Fabrikhalle k\u00f6nnen diese Prozesse durch Computer und Software, Tabellenkalkulationen, m\u00fcndliche Kommunikation oder im Kopf einer Person verwaltet werden, die sich durch jahrelange Erfahrung Fachwissen angeeignet hat. Welches System auch immer vorhanden ist, es funktioniert; Andernfalls h\u00e4tte das produzierende Unternehmen mit den Folgen von Lieferausf\u00e4llen, finanzieller Misswirtschaft, schlechter Produktqualit\u00e4t usw. zu k\u00e4mpfen.<\/p><p>Auf h\u00f6heren Ebenen gibt es Prozesse, die allgemein als Enterprise Resource Planning (ERP), Manufacturing Resource Planning (MRP) oder Advanced Planning System (APS) bekannt sind. Diese Prozesse umfassen den Empfang von Kundenauftr\u00e4gen, deren Organisation in Produktionsauftr\u00e4gen, die Sicherstellung der Verf\u00fcgbarkeit der erforderlichen Rohstoffe, die Planung von Maschinen zur Ausf\u00fchrung der Produktionsauftr\u00e4ge usw.<\/p>\t\t\t\t\t\t\t\t<\/div>\n\t\t\t\t<div class=\"elementor-element elementor-element-c344957 elementor-widget elementor-widget-text-editor\" data-id=\"c344957\" data-element_type=\"widget\" data-e-type=\"widget\" data-widget_type=\"text-editor.default\">\n\t\t\t\t\t\t\t\t\t<p>Am unteren Ende\u00a0<strong>MES-Software (Manufacturing Execution System)<\/strong>\u00a0Es dient der Verwaltung und \u00dcberwachung der Ausf\u00fchrung von Produktionsvorg\u00e4ngen innerhalb der Fabrik. MES ist f\u00fcr die Planung, Terminierung, Verfolgung und Steuerung von Produktionsaktivit\u00e4ten in Echtzeit verantwortlich. Mit diesem System k\u00f6nnen Sie die Ressourcennutzung, die Produktqualit\u00e4t, die Maschinenleistung und andere wichtige Kennzahlen \u00fcberwachen, um optimale Effizienz und Produktivit\u00e4t sicherzustellen.<\/p><p>Kurz gesagt: MES-Software ist ein unverzichtbares Werkzeug f\u00fcr Fertigungsunternehmen, das ihnen eine effiziente Verwaltung und Steuerung der Produktionsabl\u00e4ufe sowie die Gew\u00e4hrleistung der Produktqualit\u00e4t, der Einhaltung von Standards und der Ressourcenoptimierung erm\u00f6glicht.<\/p>\t\t\t\t\t\t\t\t<\/div>\n\t\t\t\t<\/div>\n\t\t\t\t\t<\/div>\n\t\t\t\t<\/div>\n\t\t\t\t<\/div>","protected":false},"excerpt":{"rendered":"<p>Sepasoft Soluzioni MES per l\u2019ambiente produttivo, per aumentare l&#8217;efficienza in ogni fase del processo di produzione. Industrial Automation Platform Sepasoft \u00e8 una societ\u00e0 americana che sviluppa sistemi MES per il manufacturing. La suite MES (Manufacturing Execution System) di Sepasoft\u00ae fornisce il controllo, la tracciabilit\u00e0 e la documentazione in tempo reale di tutto ci\u00f2 che riguarda [&hellip;]<\/p>\n","protected":false},"author":1,"featured_media":0,"parent":4188,"menu_order":0,"comment_status":"closed","ping_status":"closed","template":"","meta":{"_acf_changed":false,"content-type":"","footnotes":""},"class_list":["post-5176","page","type-page","status-publish","hentry"],"acf":[],"yoast_head":"<!-- This site is optimized with the Yoast SEO Premium plugin v25.0 (Yoast SEO v27.3) - https:\/\/yoast.com\/product\/yoast-seo-premium-wordpress\/ -->\n<title>Sepasoft | Relatech | Innovazione e Trasformazione Digitale per Aziende<\/title>\n<meta name=\"robots\" content=\"index, follow, max-snippet:-1, max-image-preview:large, max-video-preview:-1\" \/>\n<link rel=\"canonical\" href=\"https:\/\/relatech.com\/de\/technologiepartner\/sepasoft\/\" \/>\n<meta property=\"og:locale\" content=\"de_DE\" \/>\n<meta property=\"og:type\" content=\"article\" \/>\n<meta property=\"og:title\" content=\"Sepasoft\" \/>\n<meta property=\"og:description\" content=\"Sepasoft Soluzioni MES per l\u2019ambiente produttivo, per aumentare l&#8217;efficienza in ogni fase del processo di produzione. Industrial Automation Platform Sepasoft \u00e8 una societ\u00e0 americana che sviluppa sistemi MES per il manufacturing. La suite MES (Manufacturing Execution System) di Sepasoft\u00ae fornisce il controllo, la tracciabilit\u00e0 e la documentazione in tempo reale di tutto ci\u00f2 che riguarda [&hellip;]\" \/>\n<meta property=\"og:url\" content=\"https:\/\/relatech.com\/de\/technologiepartner\/sepasoft\/\" \/>\n<meta property=\"og:site_name\" content=\"Relatech | Innovazione e Trasformazione Digitale per Aziende\" \/>\n<meta property=\"article:modified_time\" content=\"2026-01-16T17:44:00+00:00\" \/>\n<meta property=\"og:image\" content=\"https:\/\/relatech.com\/wp-content\/uploads\/2025\/05\/Sepasoft-logo.png\" \/>\n<meta name=\"twitter:card\" content=\"summary_large_image\" \/>\n<meta name=\"twitter:label1\" content=\"Gesch\u00e4tzte Lesezeit\" \/>\n\t<meta name=\"twitter:data1\" content=\"3\u00a0Minuten\" \/>\n<script type=\"application\/ld+json\" class=\"yoast-schema-graph\">{\"@context\":\"https:\\\/\\\/schema.org\",\"@graph\":[{\"@type\":\"WebPage\",\"@id\":\"https:\\\/\\\/relatech.com\\\/partner-tecnologici\\\/sepasoft\\\/\",\"url\":\"https:\\\/\\\/relatech.com\\\/partner-tecnologici\\\/sepasoft\\\/\",\"name\":\"Sepasoft | Relatech | Innovazione e Trasformazione Digitale per Aziende\",\"isPartOf\":{\"@id\":\"https:\\\/\\\/relatech.com\\\/#website\"},\"primaryImageOfPage\":{\"@id\":\"https:\\\/\\\/relatech.com\\\/partner-tecnologici\\\/sepasoft\\\/#primaryimage\"},\"image\":{\"@id\":\"https:\\\/\\\/relatech.com\\\/partner-tecnologici\\\/sepasoft\\\/#primaryimage\"},\"thumbnailUrl\":\"https:\\\/\\\/relatech.com\\\/wp-content\\\/uploads\\\/2025\\\/05\\\/Sepasoft-logo.png\",\"datePublished\":\"2025-05-09T19:25:21+00:00\",\"dateModified\":\"2026-01-16T17:44:00+00:00\",\"breadcrumb\":{\"@id\":\"https:\\\/\\\/relatech.com\\\/partner-tecnologici\\\/sepasoft\\\/#breadcrumb\"},\"inLanguage\":\"de\",\"potentialAction\":[{\"@type\":\"ReadAction\",\"target\":[\"https:\\\/\\\/relatech.com\\\/partner-tecnologici\\\/sepasoft\\\/\"]}]},{\"@type\":\"ImageObject\",\"inLanguage\":\"de\",\"@id\":\"https:\\\/\\\/relatech.com\\\/partner-tecnologici\\\/sepasoft\\\/#primaryimage\",\"url\":\"https:\\\/\\\/relatech.com\\\/wp-content\\\/uploads\\\/2025\\\/05\\\/Sepasoft-logo.png\",\"contentUrl\":\"https:\\\/\\\/relatech.com\\\/wp-content\\\/uploads\\\/2025\\\/05\\\/Sepasoft-logo.png\"},{\"@type\":\"BreadcrumbList\",\"@id\":\"https:\\\/\\\/relatech.com\\\/partner-tecnologici\\\/sepasoft\\\/#breadcrumb\",\"itemListElement\":[{\"@type\":\"ListItem\",\"position\":1,\"name\":\"Home\",\"item\":\"https:\\\/\\\/relatech.com\\\/\"},{\"@type\":\"ListItem\",\"position\":2,\"name\":\"Partner Tecnologici\",\"item\":\"https:\\\/\\\/relatech.com\\\/partner-tecnologici\\\/\"},{\"@type\":\"ListItem\",\"position\":3,\"name\":\"Sepasoft\"}]},{\"@type\":\"WebSite\",\"@id\":\"https:\\\/\\\/relatech.com\\\/#website\",\"url\":\"https:\\\/\\\/relatech.com\\\/\",\"name\":\"Relatech | Innovazione e Trasformazione Digitale per Aziende\",\"description\":\"Relatech \u00e8 il partner per la digital transformation delle aziende. Consulenza strategica, digital enabler e soluzioni verticali per l&#039;innovazione digitale.\",\"publisher\":{\"@id\":\"https:\\\/\\\/relatech.com\\\/#organization\"},\"potentialAction\":[{\"@type\":\"SearchAction\",\"target\":{\"@type\":\"EntryPoint\",\"urlTemplate\":\"https:\\\/\\\/relatech.com\\\/?s={search_term_string}\"},\"query-input\":{\"@type\":\"PropertyValueSpecification\",\"valueRequired\":true,\"valueName\":\"search_term_string\"}}],\"inLanguage\":\"de\"},{\"@type\":\"Organization\",\"@id\":\"https:\\\/\\\/relatech.com\\\/#organization\",\"name\":\"Relatech S.p.A.\",\"url\":\"https:\\\/\\\/relatech.com\\\/\",\"logo\":{\"@type\":\"ImageObject\",\"inLanguage\":\"de\",\"@id\":\"https:\\\/\\\/relatech.com\\\/#\\\/schema\\\/logo\\\/image\\\/\",\"url\":\"\",\"contentUrl\":\"\",\"caption\":\"Relatech S.p.A.\"},\"image\":{\"@id\":\"https:\\\/\\\/relatech.com\\\/#\\\/schema\\\/logo\\\/image\\\/\"}}]}<\/script>\n<!-- \/ Yoast SEO Premium plugin. -->","yoast_head_json":{"title":"Sepasoft | Relatech | Innovation und digitale Transformation f\u00fcr Unternehmen","robots":{"index":"index","follow":"follow","max-snippet":"max-snippet:-1","max-image-preview":"max-image-preview:large","max-video-preview":"max-video-preview:-1"},"canonical":"https:\/\/relatech.com\/de\/technologiepartner\/sepasoft\/","og_locale":"de_DE","og_type":"article","og_title":"Sepasoft","og_description":"Sepasoft Soluzioni MES per l\u2019ambiente produttivo, per aumentare l&#8217;efficienza in ogni fase del processo di produzione. Industrial Automation Platform Sepasoft \u00e8 una societ\u00e0 americana che sviluppa sistemi MES per il manufacturing. La suite MES (Manufacturing Execution System) di Sepasoft\u00ae fornisce il controllo, la tracciabilit\u00e0 e la documentazione in tempo reale di tutto ci\u00f2 che riguarda [&hellip;]","og_url":"https:\/\/relatech.com\/de\/technologiepartner\/sepasoft\/","og_site_name":"Relatech | Innovazione e Trasformazione Digitale per Aziende","article_modified_time":"2026-01-16T17:44:00+00:00","og_image":[{"url":"https:\/\/relatech.com\/wp-content\/uploads\/2025\/05\/Sepasoft-logo.png","type":"","width":"","height":""}],"twitter_card":"summary_large_image","twitter_misc":{"Gesch\u00e4tzte Lesezeit":"3\u00a0Minuten"},"schema":{"@context":"https:\/\/schema.org","@graph":[{"@type":"WebPage","@id":"https:\/\/relatech.com\/partner-tecnologici\/sepasoft\/","url":"https:\/\/relatech.com\/partner-tecnologici\/sepasoft\/","name":"Sepasoft | Relatech | Innovation und digitale Transformation f\u00fcr Unternehmen","isPartOf":{"@id":"https:\/\/relatech.com\/#website"},"primaryImageOfPage":{"@id":"https:\/\/relatech.com\/partner-tecnologici\/sepasoft\/#primaryimage"},"image":{"@id":"https:\/\/relatech.com\/partner-tecnologici\/sepasoft\/#primaryimage"},"thumbnailUrl":"https:\/\/relatech.com\/wp-content\/uploads\/2025\/05\/Sepasoft-logo.png","datePublished":"2025-05-09T19:25:21+00:00","dateModified":"2026-01-16T17:44:00+00:00","breadcrumb":{"@id":"https:\/\/relatech.com\/partner-tecnologici\/sepasoft\/#breadcrumb"},"inLanguage":"de","potentialAction":[{"@type":"ReadAction","target":["https:\/\/relatech.com\/partner-tecnologici\/sepasoft\/"]}]},{"@type":"ImageObject","inLanguage":"de","@id":"https:\/\/relatech.com\/partner-tecnologici\/sepasoft\/#primaryimage","url":"https:\/\/relatech.com\/wp-content\/uploads\/2025\/05\/Sepasoft-logo.png","contentUrl":"https:\/\/relatech.com\/wp-content\/uploads\/2025\/05\/Sepasoft-logo.png"},{"@type":"BreadcrumbList","@id":"https:\/\/relatech.com\/partner-tecnologici\/sepasoft\/#breadcrumb","itemListElement":[{"@type":"ListItem","position":1,"name":"Home","item":"https:\/\/relatech.com\/"},{"@type":"ListItem","position":2,"name":"Partner Tecnologici","item":"https:\/\/relatech.com\/partner-tecnologici\/"},{"@type":"ListItem","position":3,"name":"Sepasoft"}]},{"@type":"WebSite","@id":"https:\/\/relatech.com\/#website","url":"https:\/\/relatech.com\/","name":"Relatech | Innovation und digitale Transformation f\u00fcr Unternehmen","description":"Relatech ist der Partner f\u00fcr die digitale Transformation von Unternehmen. Strategische Beratung, digitaler Enabler und vertikale L\u00f6sungen f\u00fcr digitale Innovationen.","publisher":{"@id":"https:\/\/relatech.com\/#organization"},"potentialAction":[{"@type":"SearchAction","target":{"@type":"EntryPoint","urlTemplate":"https:\/\/relatech.com\/?s={search_term_string}"},"query-input":{"@type":"PropertyValueSpecification","valueRequired":true,"valueName":"search_term_string"}}],"inLanguage":"de"},{"@type":"Organization","@id":"https:\/\/relatech.com\/#organization","name":"Relatech SpA","url":"https:\/\/relatech.com\/","logo":{"@type":"ImageObject","inLanguage":"de","@id":"https:\/\/relatech.com\/#\/schema\/logo\/image\/","url":"","contentUrl":"","caption":"Relatech S.p.A."},"image":{"@id":"https:\/\/relatech.com\/#\/schema\/logo\/image\/"}}]}},"_links":{"self":[{"href":"https:\/\/relatech.com\/de\/wp-json\/wp\/v2\/pages\/5176","targetHints":{"allow":["GET"]}}],"collection":[{"href":"https:\/\/relatech.com\/de\/wp-json\/wp\/v2\/pages"}],"about":[{"href":"https:\/\/relatech.com\/de\/wp-json\/wp\/v2\/types\/page"}],"author":[{"embeddable":true,"href":"https:\/\/relatech.com\/de\/wp-json\/wp\/v2\/users\/1"}],"replies":[{"embeddable":true,"href":"https:\/\/relatech.com\/de\/wp-json\/wp\/v2\/comments?post=5176"}],"version-history":[{"count":4,"href":"https:\/\/relatech.com\/de\/wp-json\/wp\/v2\/pages\/5176\/revisions"}],"predecessor-version":[{"id":12462,"href":"https:\/\/relatech.com\/de\/wp-json\/wp\/v2\/pages\/5176\/revisions\/12462"}],"up":[{"embeddable":true,"href":"https:\/\/relatech.com\/de\/wp-json\/wp\/v2\/pages\/4188"}],"wp:attachment":[{"href":"https:\/\/relatech.com\/de\/wp-json\/wp\/v2\/media?parent=5176"}],"curies":[{"name":"wp","href":"https:\/\/api.w.org\/{rel}","templated":true}]}}