{"id":3228,"date":"2025-05-05T09:58:14","date_gmt":"2025-05-05T07:58:14","guid":{"rendered":"https:\/\/relatech.com\/?page_id=3228"},"modified":"2025-05-13T02:57:00","modified_gmt":"2025-05-13T00:57:00","slug":"projekte","status":"publish","type":"page","link":"https:\/\/relatech.com\/de\/projekte\/","title":{"rendered":"Projekte"},"content":{"rendered":"<div data-elementor-type=\"wp-page\" data-elementor-id=\"3228\" class=\"elementor elementor-3228\" data-elementor-post-type=\"page\">\n\t\t\t\t<div data-dce-background-color=\"#FFFFFF\" data-dce-background-image-url=\"https:\/\/relatech.com\/wp-content\/uploads\/2025\/05\/8881550.jpg\" class=\"elementor-element elementor-element-6d3f5f5 e-flex e-con-boxed e-con e-parent\" data-id=\"6d3f5f5\" data-element_type=\"container\" data-e-type=\"container\" data-settings=\"{&quot;background_background&quot;:&quot;classic&quot;}\">\n\t\t\t\t\t<div class=\"e-con-inner\">\n\t\t<div class=\"elementor-element elementor-element-c077c63 e-flex e-con-boxed e-con e-child\" data-id=\"c077c63\" data-element_type=\"container\" data-e-type=\"container\">\n\t\t\t\t\t<div class=\"e-con-inner\">\n\t\t\t\t<div class=\"elementor-element elementor-element-457661d animated-fast elementor-widget__width-inherit elementor-invisible elementor-widget elementor-widget-heading\" data-id=\"457661d\" data-element_type=\"widget\" data-e-type=\"widget\" data-settings=\"{&quot;_animation&quot;:&quot;fadeInUp&quot;}\" data-widget_type=\"heading.default\">\n\t\t\t\t\t<h1 class=\"elementor-heading-title elementor-size-default\">Innovation und Forschung: Der Motor unserer digitalen Zukunft<\/h1>\t\t\t\t<\/div>\n\t\t\t\t\t<\/div>\n\t\t\t\t<\/div>\n\t\t\t\t\t<\/div>\n\t\t\t\t<\/div>\n\t\t<div class=\"elementor-element elementor-element-1917989 e-grid e-con-boxed e-con e-parent\" data-id=\"1917989\" data-element_type=\"container\" data-e-type=\"container\">\n\t\t\t\t\t<div class=\"e-con-inner\">\n\t\t\t\t<div class=\"elementor-element elementor-element-7f916ae animated-fast elementor-widget__width-initial elementor-widget-mobile__width-inherit elementor-invisible elementor-widget elementor-widget-text-editor\" data-id=\"7f916ae\" data-element_type=\"widget\" data-e-type=\"widget\" data-settings=\"{&quot;_animation&quot;:&quot;fadeInUp&quot;}\" data-widget_type=\"text-editor.default\">\n\t\t\t\t\t\t\t\t\t<p class=\"p1\">Wir unterst\u00fctzen t\u00e4glich Unternehmen und arbeiten mit Technologie- und Wissenschaftspartnern zusammen, um Technologie in einen echten Wettbewerbsvorteil umzuwandeln, der einen echten Mehrwert schaffen kann.<\/p><p class=\"p1\">Ein dynamisches \u00d6kosystem, in dem Innovation und Experimentierfreude all unsere Entscheidungen bestimmen.<\/p>\t\t\t\t\t\t\t\t<\/div>\n\t\t\t\t\t<\/div>\n\t\t\t\t<\/div>\n\t\t<div data-dce-background-color=\"#111117\" data-dce-background-overlay-color=\"#FFFFFF00\" data-dce-background-image-url=\"https:\/\/relatech.com\/wp-content\/uploads\/2025\/05\/6vjpmymj5km.jpg\" class=\"elementor-element elementor-element-0b3403e e-flex e-con-boxed e-con e-parent\" data-id=\"0b3403e\" data-element_type=\"container\" data-e-type=\"container\" data-settings=\"{&quot;background_background&quot;:&quot;classic&quot;}\">\n\t\t\t\t\t<div class=\"e-con-inner\">\n\t\t<div class=\"elementor-element elementor-element-7a8d6f9 e-con-full glassBg e-flex e-con e-child\" data-id=\"7a8d6f9\" data-element_type=\"container\" data-e-type=\"container\" data-settings=\"{&quot;background_background&quot;:&quot;classic&quot;}\">\n\t\t\t\t<div class=\"elementor-element elementor-element-689efc3 elementor-widget elementor-widget-heading\" data-id=\"689efc3\" data-element_type=\"widget\" data-e-type=\"widget\" data-widget_type=\"heading.default\">\n\t\t\t\t\t<h3 class=\"elementor-heading-title elementor-size-default\">Digitale Innovation im Dienste der Unternehmen<\/h3>\t\t\t\t<\/div>\n\t\t\t\t<div class=\"elementor-element elementor-element-857dc52 elementor-widget elementor-widget-text-editor\" data-id=\"857dc52\" data-element_type=\"widget\" data-e-type=\"widget\" data-widget_type=\"text-editor.default\">\n\t\t\t\t\t\t\t\t\t<p>In einem sich st\u00e4ndig weiterentwickelnden Kontext pr\u00e4sentiert sich Relatech auf dem Markt als strategischer Partner f\u00fcr Unternehmen, die der digitalen Transformation mit konkreten und hochmodernen Dienstleistungen und L\u00f6sungen begegnen m\u00f6chten.<\/p><p>Im Abschnitt \u201eGesch\u00e4ftsprojekte\u201c pr\u00e4sentieren wir eine Auswahl von Fallstudien von Unternehmen, die in verschiedenen Branchen t\u00e4tig sind und uns ihren Innovationspfad anvertraut haben. Diese Beispiele verdeutlichen unser Engagement, Marktherausforderungen in Wachstumschancen umzuwandeln, und zwar durch digitale L\u00f6sungen, die die Betriebseffizienz, Sicherheit, Kundenerfahrung und Nachhaltigkeit verbessern.<\/p>\t\t\t\t\t\t\t\t<\/div>\n\t\t\t\t<div data-dce-background-color=\"#FFFFFF00\" class=\"elementor-element elementor-element-594e736 elementor-align-right customButton elementor-widget elementor-widget-button\" data-id=\"594e736\" data-element_type=\"widget\" data-e-type=\"widget\" data-widget_type=\"button.default\">\n\t\t\t\t\t\t\t\t\t\t<a class=\"elementor-button elementor-button-link elementor-size-sm\" href=\"https:\/\/relatech.com\/de\/geschaftsprojekte\/\">\n\t\t\t\t\t\t<span class=\"elementor-button-content-wrapper\">\n\t\t\t\t\t\t<span class=\"elementor-button-icon\">\n\t\t\t\t<svg aria-hidden=\"true\" class=\"e-font-icon-svg e-fas-chevron-right\" viewbox=\"0 0 320 512\" xmlns=\"http:\/\/www.w3.org\/2000\/svg\"><path d=\"M285.476 272.971L91.132 467.314c-9.373 9.373-24.569 9.373-33.941 0l-22.667-22.667c-9.357-9.357-9.375-24.522-.04-33.901L188.505 256 34.484 101.255c-9.335-9.379-9.317-24.544.04-33.901l22.667-22.667c9.373-9.373 24.569-9.373 33.941 0L285.475 239.03c9.373 9.372 9.373 24.568.001 33.941z\"><\/path><\/svg>\t\t\t<\/span>\n\t\t\t\t\t\t\t\t\t<span class=\"elementor-button-text\">Entdecken Sie die Gesch\u00e4ftsprojekte<\/span>\n\t\t\t\t\t<\/span>\n\t\t\t\t\t<\/a>\n\t\t\t\t\t\t\t\t<\/div>\n\t\t\t\t<\/div>\n\t\t\t\t\t<\/div>\n\t\t\t\t<\/div>\n\t\t<div class=\"elementor-element elementor-element-00bc8b2 e-flex e-con-boxed e-con e-parent\" data-id=\"00bc8b2\" data-element_type=\"container\" data-e-type=\"container\">\n\t\t\t\t\t<div class=\"e-con-inner\">\n\t\t<div data-dce-background-color=\"#FFFFFF\" class=\"elementor-element elementor-element-2b598ea e-con-full e-flex e-con e-child\" data-id=\"2b598ea\" data-element_type=\"container\" data-e-type=\"container\" data-settings=\"{&quot;background_background&quot;:&quot;classic&quot;}\">\n\t\t\t\t<div class=\"elementor-element elementor-element-42e6bb2 animated-fast elementor-widget elementor-widget-heading\" data-id=\"42e6bb2\" data-element_type=\"widget\" data-e-type=\"widget\" data-settings=\"{&quot;_animation&quot;:&quot;none&quot;}\" data-widget_type=\"heading.default\">\n\t\t\t\t\t<h3 class=\"elementor-heading-title elementor-size-default\">Forschung liegt uns im Blut <\/h3>\t\t\t\t<\/div>\n\t\t<div class=\"elementor-element elementor-element-cd28fdf e-con-full animated-fast e-grid elementor-invisible e-con e-child\" data-id=\"cd28fdf\" data-element_type=\"container\" data-e-type=\"container\" data-settings=\"{&quot;animation&quot;:&quot;fadeInUp&quot;}\">\n\t\t<div class=\"elementor-element elementor-element-ec2b8cc e-con-full e-flex e-con e-child\" data-id=\"ec2b8cc\" data-element_type=\"container\" data-e-type=\"container\">\n\t\t\t\t<div class=\"elementor-element elementor-element-c4670a6 animated-fast elementor-widget elementor-widget-heading\" data-id=\"c4670a6\" data-element_type=\"widget\" data-e-type=\"widget\" data-settings=\"{&quot;_animation&quot;:&quot;none&quot;}\" data-widget_type=\"heading.default\">\n\t\t\t\t\t<h3 class=\"elementor-heading-title elementor-size-default\">Unsere wissenschaftlichen Partner <\/h3>\t\t\t\t<\/div>\n\t\t\t\t<div class=\"elementor-element elementor-element-89e8b17 elementor-widget elementor-widget-text-editor\" data-id=\"89e8b17\" data-element_type=\"widget\" data-e-type=\"widget\" data-widget_type=\"text-editor.default\">\n\t\t\t\t\t\t\t\t\t<p>Bei Relatech ist Forschung eine echte strategische Denkweise. Eine Denkweise, die es uns erm\u00f6glicht, stets die Zukunft im Blick zu behalten, Markttrends vorwegzunehmen, mit Technologien zu experimentieren, neue L\u00f6sungen zu entwickeln und denjenigen, die sich auf uns verlassen, innovative und konkrete Dienstleistungen anzubieten.<\/p><p>Wir arbeiten mit exzellenten Universit\u00e4ten, Forschungszentren und wissenschaftlichen Partnern in Italien und im Ausland zusammen. Unser Ziel? Entwickeln Sie innovative Projekte in Schl\u00fcsselbereichen wie K\u00fcnstliche Intelligenz, IoT, Digital Twin und Generative KI und nutzen Sie dabei die neuesten Technologien wie KI, Big Data, Cloud und Cybersicherheit.<\/p>\t\t\t\t\t\t\t\t<\/div>\n\t\t\t\t<div data-dce-background-color=\"#FFFFFF00\" class=\"elementor-element elementor-element-77be5f1 elementor-align-right customButton elementor-widget elementor-widget-button\" data-id=\"77be5f1\" data-element_type=\"widget\" data-e-type=\"widget\" data-widget_type=\"button.default\">\n\t\t\t\t\t\t\t\t\t\t<a class=\"elementor-button elementor-button-link elementor-size-sm\" href=\"https:\/\/relatech.com\/de\/unsere-partner\/wissenschaftliche-partner\/\">\n\t\t\t\t\t\t<span class=\"elementor-button-content-wrapper\">\n\t\t\t\t\t\t<span class=\"elementor-button-icon\">\n\t\t\t\t<svg aria-hidden=\"true\" class=\"e-font-icon-svg e-fas-chevron-right\" viewbox=\"0 0 320 512\" xmlns=\"http:\/\/www.w3.org\/2000\/svg\"><path d=\"M285.476 272.971L91.132 467.314c-9.373 9.373-24.569 9.373-33.941 0l-22.667-22.667c-9.357-9.357-9.375-24.522-.04-33.901L188.505 256 34.484 101.255c-9.335-9.379-9.317-24.544.04-33.901l22.667-22.667c9.373-9.373 24.569-9.373 33.941 0L285.475 239.03c9.373 9.372 9.373 24.568.001 33.941z\"><\/path><\/svg>\t\t\t<\/span>\n\t\t\t\t\t\t\t\t\t<span class=\"elementor-button-text\">Entdecken Sie unsere Partner<\/span>\n\t\t\t\t\t<\/span>\n\t\t\t\t\t<\/a>\n\t\t\t\t\t\t\t\t<\/div>\n\t\t\t\t<\/div>\n\t\t\t\t<div class=\"elementor-element elementor-element-8c7f792 elementor-widget elementor-widget-image\" data-id=\"8c7f792\" data-element_type=\"widget\" data-e-type=\"widget\" data-widget_type=\"image.default\">\n\t\t\t\t\t\t\t\t\t\t\t\t\t\t\t<img fetchpriority=\"high\" decoding=\"async\" width=\"800\" height=\"502\" src=\"https:\/\/relatech.com\/wp-content\/uploads\/2025\/05\/rloawxt2fea-1024x643.jpg\" class=\"attachment-large size-large wp-image-5014\" alt=\"Person mit orange-wei\u00dfer Zahnb\u00fcrste\" srcset=\"https:\/\/relatech.com\/wp-content\/uploads\/2025\/05\/rloawxt2fea-1024x643.jpg 1024w, https:\/\/relatech.com\/wp-content\/uploads\/2025\/05\/rloawxt2fea-300x188.jpg 300w, https:\/\/relatech.com\/wp-content\/uploads\/2025\/05\/rloawxt2fea-768x482.jpg 768w, https:\/\/relatech.com\/wp-content\/uploads\/2025\/05\/rloawxt2fea-1536x964.jpg 1536w, https:\/\/relatech.com\/wp-content\/uploads\/2025\/05\/rloawxt2fea.jpg 1600w\" sizes=\"(max-width: 800px) 100vw, 800px\" \/>\t\t\t\t\t\t\t\t\t\t\t\t\t\t\t<\/div>\n\t\t\t\t<\/div>\n\t\t<div class=\"elementor-element elementor-element-58465aa e-con-full animated-fast e-grid elementor-invisible e-con e-child\" data-id=\"58465aa\" data-element_type=\"container\" data-e-type=\"container\" data-settings=\"{&quot;animation&quot;:&quot;fadeInUp&quot;}\">\n\t\t\t\t<div class=\"elementor-element elementor-element-19e0d23 elementor-widget elementor-widget-image\" data-id=\"19e0d23\" data-element_type=\"widget\" data-e-type=\"widget\" data-widget_type=\"image.default\">\n\t\t\t\t\t\t\t\t\t\t\t\t\t\t\t<img decoding=\"async\" width=\"800\" height=\"520\" src=\"https:\/\/relatech.com\/wp-content\/uploads\/2025\/05\/jxowb7whqna-1024x666.jpg\" class=\"attachment-large size-large wp-image-5013\" alt=\"Mann im wei\u00dfen Langarmhemd mit schwarzer DSLR-Kamera\" srcset=\"https:\/\/relatech.com\/wp-content\/uploads\/2025\/05\/jxowb7whqna-1024x666.jpg 1024w, https:\/\/relatech.com\/wp-content\/uploads\/2025\/05\/jxowb7whqna-300x195.jpg 300w, https:\/\/relatech.com\/wp-content\/uploads\/2025\/05\/jxowb7whqna-768x499.jpg 768w, https:\/\/relatech.com\/wp-content\/uploads\/2025\/05\/jxowb7whqna-1536x998.jpg 1536w, https:\/\/relatech.com\/wp-content\/uploads\/2025\/05\/jxowb7whqna.jpg 1600w\" sizes=\"(max-width: 800px) 100vw, 800px\" \/>\t\t\t\t\t\t\t\t\t\t\t\t\t\t\t<\/div>\n\t\t<div class=\"elementor-element elementor-element-f7783df e-con-full e-flex e-con e-child\" data-id=\"f7783df\" data-element_type=\"container\" data-e-type=\"container\">\n\t\t\t\t<div class=\"elementor-element elementor-element-a8c98b1 animated-fast elementor-widget elementor-widget-heading\" data-id=\"a8c98b1\" data-element_type=\"widget\" data-e-type=\"widget\" data-settings=\"{&quot;_animation&quot;:&quot;none&quot;}\" data-widget_type=\"heading.default\">\n\t\t\t\t\t<h3 class=\"elementor-heading-title elementor-size-default\">Forschungsprojekte<\/h3>\t\t\t\t<\/div>\n\t\t\t\t<div class=\"elementor-element elementor-element-3bcf7cc elementor-widget elementor-widget-text-editor\" data-id=\"3bcf7cc\" data-element_type=\"widget\" data-e-type=\"widget\" data-widget_type=\"text-editor.default\">\n\t\t\t\t\t\t\t\t\t<p>Wir wissen, wie man Wissen in Werte umwandelt, indem wir Markttrends vorwegnehmen und mit soliden, innovativen und nachhaltigen L\u00f6sungen auf die Bed\u00fcrfnisse unserer Kunden reagieren.<\/p><p>Denn bei Relatech ist Forschung keine blo\u00dfe T\u00e4tigkeit. Es ist eine Richtung. Dies zeigen die Forschungsprojekte, die wir im entsprechenden Bereich der Site gesammelt haben und die einige unserer gr\u00f6\u00dften Erfolge darstellen.<\/p>\t\t\t\t\t\t\t\t<\/div>\n\t\t\t\t<div data-dce-background-color=\"#FFFFFF00\" class=\"elementor-element elementor-element-cbd8a25 elementor-align-right customButton elementor-widget elementor-widget-button\" data-id=\"cbd8a25\" data-element_type=\"widget\" data-e-type=\"widget\" data-widget_type=\"button.default\">\n\t\t\t\t\t\t\t\t\t\t<a class=\"elementor-button elementor-button-link elementor-size-sm\" href=\"https:\/\/relatech.com\/de\/forschungsprojekte\/\">\n\t\t\t\t\t\t<span class=\"elementor-button-content-wrapper\">\n\t\t\t\t\t\t<span class=\"elementor-button-icon\">\n\t\t\t\t<svg aria-hidden=\"true\" class=\"e-font-icon-svg e-fas-chevron-right\" viewbox=\"0 0 320 512\" xmlns=\"http:\/\/www.w3.org\/2000\/svg\"><path d=\"M285.476 272.971L91.132 467.314c-9.373 9.373-24.569 9.373-33.941 0l-22.667-22.667c-9.357-9.357-9.375-24.522-.04-33.901L188.505 256 34.484 101.255c-9.335-9.379-9.317-24.544.04-33.901l22.667-22.667c9.373-9.373 24.569-9.373 33.941 0L285.475 239.03c9.373 9.372 9.373 24.568.001 33.941z\"><\/path><\/svg>\t\t\t<\/span>\n\t\t\t\t\t\t\t\t\t<span class=\"elementor-button-text\">Entdecken Sie die Forschungsprojekte<\/span>\n\t\t\t\t\t<\/span>\n\t\t\t\t\t<\/a>\n\t\t\t\t\t\t\t\t<\/div>\n\t\t\t\t<\/div>\n\t\t\t\t<\/div>\n\t\t\t\t<\/div>\n\t\t\t\t\t<\/div>\n\t\t\t\t<\/div>\n\t\t\t\t<\/div>","protected":false},"excerpt":{"rendered":"<p>Innovazione e ricerca: il motore del nostro futuro digitale Ogni giorno affianchiamo imprese e collaboriamo con partner tecnologici e scientifici\u00a0per trasformare la tecnologia in un vero vantaggio competitivo, capace di generare reale valore. Un ecosistema dinamico, in cui innovazione e sperimentazione guidano ogni nostra scelta. Innovazione digitale al servizio delle imprese In un contesto in [&hellip;]<\/p>\n","protected":false},"author":1,"featured_media":0,"parent":0,"menu_order":0,"comment_status":"closed","ping_status":"closed","template":"","meta":{"_acf_changed":false,"content-type":"","footnotes":""},"class_list":["post-3228","page","type-page","status-publish","hentry"],"acf":[],"yoast_head":"<!-- This site is optimized with the Yoast SEO Premium plugin v25.0 (Yoast SEO v27.4) - https:\/\/yoast.com\/product\/yoast-seo-premium-wordpress\/ -->\n<title>Progetti | Relatech | Innovazione e Trasformazione Digitale per Aziende<\/title>\n<meta name=\"description\" content=\"Ogni giorno affianchiamo imprese e collaboriamo con partner tecnologici e scientifici per trasformare la tecnologia in un vero vantaggio competitivo.\" \/>\n<meta name=\"robots\" content=\"index, follow, max-snippet:-1, max-image-preview:large, max-video-preview:-1\" \/>\n<link rel=\"canonical\" href=\"https:\/\/relatech.com\/de\/projekte\/\" \/>\n<meta property=\"og:locale\" content=\"de_DE\" \/>\n<meta property=\"og:type\" content=\"article\" \/>\n<meta property=\"og:title\" content=\"Progetti\" \/>\n<meta property=\"og:description\" content=\"Ogni giorno affianchiamo imprese e collaboriamo con partner tecnologici e scientifici per trasformare la tecnologia in un vero vantaggio competitivo.\" \/>\n<meta property=\"og:url\" content=\"https:\/\/relatech.com\/de\/projekte\/\" \/>\n<meta property=\"og:site_name\" content=\"Relatech | Innovazione e Trasformazione Digitale per Aziende\" \/>\n<meta property=\"article:modified_time\" content=\"2025-05-13T00:57:00+00:00\" \/>\n<meta property=\"og:image\" content=\"https:\/\/relatech.com\/wp-content\/uploads\/2025\/05\/rloawxt2fea-1024x643.jpg\" \/>\n<meta name=\"twitter:card\" content=\"summary_large_image\" \/>\n<meta name=\"twitter:label1\" content=\"Gesch\u00e4tzte Lesezeit\" \/>\n\t<meta name=\"twitter:data1\" content=\"3\u00a0Minuten\" \/>\n<script type=\"application\/ld+json\" class=\"yoast-schema-graph\">{\"@context\":\"https:\\\/\\\/schema.org\",\"@graph\":[{\"@type\":\"WebPage\",\"@id\":\"https:\\\/\\\/relatech.com\\\/progetti\\\/\",\"url\":\"https:\\\/\\\/relatech.com\\\/progetti\\\/\",\"name\":\"Progetti | Relatech | Innovazione e Trasformazione Digitale per Aziende\",\"isPartOf\":{\"@id\":\"https:\\\/\\\/relatech.com\\\/#website\"},\"primaryImageOfPage\":{\"@id\":\"https:\\\/\\\/relatech.com\\\/progetti\\\/#primaryimage\"},\"image\":{\"@id\":\"https:\\\/\\\/relatech.com\\\/progetti\\\/#primaryimage\"},\"thumbnailUrl\":\"https:\\\/\\\/relatech.com\\\/wp-content\\\/uploads\\\/2025\\\/05\\\/rloawxt2fea-1024x643.jpg\",\"datePublished\":\"2025-05-05T07:58:14+00:00\",\"dateModified\":\"2025-05-13T00:57:00+00:00\",\"description\":\"Ogni giorno affianchiamo imprese e collaboriamo con partner tecnologici e scientifici per trasformare la tecnologia in un vero vantaggio competitivo.\",\"breadcrumb\":{\"@id\":\"https:\\\/\\\/relatech.com\\\/progetti\\\/#breadcrumb\"},\"inLanguage\":\"de\",\"potentialAction\":[{\"@type\":\"ReadAction\",\"target\":[\"https:\\\/\\\/relatech.com\\\/progetti\\\/\"]}]},{\"@type\":\"ImageObject\",\"inLanguage\":\"de\",\"@id\":\"https:\\\/\\\/relatech.com\\\/progetti\\\/#primaryimage\",\"url\":\"https:\\\/\\\/relatech.com\\\/wp-content\\\/uploads\\\/2025\\\/05\\\/rloawxt2fea-1024x643.jpg\",\"contentUrl\":\"https:\\\/\\\/relatech.com\\\/wp-content\\\/uploads\\\/2025\\\/05\\\/rloawxt2fea-1024x643.jpg\"},{\"@type\":\"BreadcrumbList\",\"@id\":\"https:\\\/\\\/relatech.com\\\/progetti\\\/#breadcrumb\",\"itemListElement\":[{\"@type\":\"ListItem\",\"position\":1,\"name\":\"Home\",\"item\":\"https:\\\/\\\/relatech.com\\\/\"},{\"@type\":\"ListItem\",\"position\":2,\"name\":\"Progetti\"}]},{\"@type\":\"WebSite\",\"@id\":\"https:\\\/\\\/relatech.com\\\/#website\",\"url\":\"https:\\\/\\\/relatech.com\\\/\",\"name\":\"Relatech | Innovazione e Trasformazione Digitale per Aziende\",\"description\":\"Relatech \u00e8 il partner per la digital transformation delle aziende. Consulenza strategica, digital enabler e soluzioni verticali per l&#039;innovazione digitale.\",\"publisher\":{\"@id\":\"https:\\\/\\\/relatech.com\\\/#organization\"},\"potentialAction\":[{\"@type\":\"SearchAction\",\"target\":{\"@type\":\"EntryPoint\",\"urlTemplate\":\"https:\\\/\\\/relatech.com\\\/?s={search_term_string}\"},\"query-input\":{\"@type\":\"PropertyValueSpecification\",\"valueRequired\":true,\"valueName\":\"search_term_string\"}}],\"inLanguage\":\"de\"},{\"@type\":\"Organization\",\"@id\":\"https:\\\/\\\/relatech.com\\\/#organization\",\"name\":\"Relatech S.p.A.\",\"url\":\"https:\\\/\\\/relatech.com\\\/\",\"logo\":{\"@type\":\"ImageObject\",\"inLanguage\":\"de\",\"@id\":\"https:\\\/\\\/relatech.com\\\/#\\\/schema\\\/logo\\\/image\\\/\",\"url\":\"\",\"contentUrl\":\"\",\"caption\":\"Relatech S.p.A.\"},\"image\":{\"@id\":\"https:\\\/\\\/relatech.com\\\/#\\\/schema\\\/logo\\\/image\\\/\"}}]}<\/script>\n<!-- \/ Yoast SEO Premium plugin. -->","yoast_head_json":{"title":"Projekte | Relatech | Innovation und digitale Transformation f\u00fcr Unternehmen","description":"Jeden Tag unterst\u00fctzen wir Unternehmen und arbeiten mit Technologie- und Wissenschaftspartnern zusammen, um Technologie in einen echten Wettbewerbsvorteil umzuwandeln.","robots":{"index":"index","follow":"follow","max-snippet":"max-snippet:-1","max-image-preview":"max-image-preview:large","max-video-preview":"max-video-preview:-1"},"canonical":"https:\/\/relatech.com\/de\/projekte\/","og_locale":"de_DE","og_type":"article","og_title":"Progetti","og_description":"Ogni giorno affianchiamo imprese e collaboriamo con partner tecnologici e scientifici per trasformare la tecnologia in un vero vantaggio competitivo.","og_url":"https:\/\/relatech.com\/de\/projekte\/","og_site_name":"Relatech | Innovazione e Trasformazione Digitale per Aziende","article_modified_time":"2025-05-13T00:57:00+00:00","og_image":[{"url":"https:\/\/relatech.com\/wp-content\/uploads\/2025\/05\/rloawxt2fea-1024x643.jpg","type":"","width":"","height":""}],"twitter_card":"summary_large_image","twitter_misc":{"Gesch\u00e4tzte Lesezeit":"3\u00a0Minuten"},"schema":{"@context":"https:\/\/schema.org","@graph":[{"@type":"WebPage","@id":"https:\/\/relatech.com\/progetti\/","url":"https:\/\/relatech.com\/progetti\/","name":"Projekte | Relatech | Innovation und digitale Transformation f\u00fcr Unternehmen","isPartOf":{"@id":"https:\/\/relatech.com\/#website"},"primaryImageOfPage":{"@id":"https:\/\/relatech.com\/progetti\/#primaryimage"},"image":{"@id":"https:\/\/relatech.com\/progetti\/#primaryimage"},"thumbnailUrl":"https:\/\/relatech.com\/wp-content\/uploads\/2025\/05\/rloawxt2fea-1024x643.jpg","datePublished":"2025-05-05T07:58:14+00:00","dateModified":"2025-05-13T00:57:00+00:00","description":"Jeden Tag unterst\u00fctzen wir Unternehmen und arbeiten mit Technologie- und Wissenschaftspartnern zusammen, um Technologie in einen echten Wettbewerbsvorteil umzuwandeln.","breadcrumb":{"@id":"https:\/\/relatech.com\/progetti\/#breadcrumb"},"inLanguage":"de","potentialAction":[{"@type":"ReadAction","target":["https:\/\/relatech.com\/progetti\/"]}]},{"@type":"ImageObject","inLanguage":"de","@id":"https:\/\/relatech.com\/progetti\/#primaryimage","url":"https:\/\/relatech.com\/wp-content\/uploads\/2025\/05\/rloawxt2fea-1024x643.jpg","contentUrl":"https:\/\/relatech.com\/wp-content\/uploads\/2025\/05\/rloawxt2fea-1024x643.jpg"},{"@type":"BreadcrumbList","@id":"https:\/\/relatech.com\/progetti\/#breadcrumb","itemListElement":[{"@type":"ListItem","position":1,"name":"Home","item":"https:\/\/relatech.com\/"},{"@type":"ListItem","position":2,"name":"Progetti"}]},{"@type":"WebSite","@id":"https:\/\/relatech.com\/#website","url":"https:\/\/relatech.com\/","name":"Relatech | Innovation und digitale Transformation f\u00fcr Unternehmen","description":"Relatech ist der Partner f\u00fcr die digitale Transformation von Unternehmen. Strategische Beratung, digitaler Enabler und vertikale L\u00f6sungen f\u00fcr digitale Innovationen.","publisher":{"@id":"https:\/\/relatech.com\/#organization"},"potentialAction":[{"@type":"SearchAction","target":{"@type":"EntryPoint","urlTemplate":"https:\/\/relatech.com\/?s={search_term_string}"},"query-input":{"@type":"PropertyValueSpecification","valueRequired":true,"valueName":"search_term_string"}}],"inLanguage":"de"},{"@type":"Organization","@id":"https:\/\/relatech.com\/#organization","name":"Relatech SpA","url":"https:\/\/relatech.com\/","logo":{"@type":"ImageObject","inLanguage":"de","@id":"https:\/\/relatech.com\/#\/schema\/logo\/image\/","url":"","contentUrl":"","caption":"Relatech S.p.A."},"image":{"@id":"https:\/\/relatech.com\/#\/schema\/logo\/image\/"}}]}},"_links":{"self":[{"href":"https:\/\/relatech.com\/de\/wp-json\/wp\/v2\/pages\/3228","targetHints":{"allow":["GET"]}}],"collection":[{"href":"https:\/\/relatech.com\/de\/wp-json\/wp\/v2\/pages"}],"about":[{"href":"https:\/\/relatech.com\/de\/wp-json\/wp\/v2\/types\/page"}],"author":[{"embeddable":true,"href":"https:\/\/relatech.com\/de\/wp-json\/wp\/v2\/users\/1"}],"replies":[{"embeddable":true,"href":"https:\/\/relatech.com\/de\/wp-json\/wp\/v2\/comments?post=3228"}],"version-history":[{"count":1,"href":"https:\/\/relatech.com\/de\/wp-json\/wp\/v2\/pages\/3228\/revisions"}],"predecessor-version":[{"id":11281,"href":"https:\/\/relatech.com\/de\/wp-json\/wp\/v2\/pages\/3228\/revisions\/11281"}],"wp:attachment":[{"href":"https:\/\/relatech.com\/de\/wp-json\/wp\/v2\/media?parent=3228"}],"curies":[{"name":"wp","href":"https:\/\/api.w.org\/{rel}","templated":true}]}}