{"id":2971,"date":"2025-05-02T12:42:51","date_gmt":"2025-05-02T10:42:51","guid":{"rendered":"https:\/\/relatech.com\/?page_id=2971"},"modified":"2025-05-12T13:56:13","modified_gmt":"2025-05-12T11:56:13","slug":"leben-bei-relatedch","status":"publish","type":"page","link":"https:\/\/relatech.com\/de\/leben-bei-relatedch\/","title":{"rendered":"Leben bei Relatech"},"content":{"rendered":"<div data-elementor-type=\"wp-page\" data-elementor-id=\"2971\" class=\"elementor elementor-2971\" data-elementor-post-type=\"page\">\n\t\t\t\t<div data-dce-background-color=\"#FFFFFF\" data-dce-background-image-url=\"https:\/\/relatech.com\/wp-content\/uploads\/2025\/05\/vhq0cw2eua.jpg\" class=\"elementor-element elementor-element-784f2cd e-flex e-con-boxed e-con e-parent\" data-id=\"784f2cd\" data-element_type=\"container\" data-e-type=\"container\" data-settings=\"{&quot;background_background&quot;:&quot;classic&quot;}\">\n\t\t\t\t\t<div class=\"e-con-inner\">\n\t\t<div class=\"elementor-element elementor-element-7c171f9 e-flex e-con-boxed e-con e-child\" data-id=\"7c171f9\" data-element_type=\"container\" data-e-type=\"container\">\n\t\t\t\t\t<div class=\"e-con-inner\">\n\t\t\t\t<div class=\"elementor-element elementor-element-41f45a8 animated-fast elementor-widget__width-inherit elementor-invisible elementor-widget elementor-widget-heading\" data-id=\"41f45a8\" data-element_type=\"widget\" data-e-type=\"widget\" data-settings=\"{&quot;_animation&quot;:&quot;fadeInUp&quot;}\" data-widget_type=\"heading.default\">\n\t\t\t\t\t<h1 class=\"elementor-heading-title elementor-size-default\">Unser Herz schl\u00e4gt f\u00fcr die Menschen<\/h1>\t\t\t\t<\/div>\n\t\t\t\t\t<\/div>\n\t\t\t\t<\/div>\n\t\t\t\t\t<\/div>\n\t\t\t\t<\/div>\n\t\t<div class=\"elementor-element elementor-element-9343d94 e-flex e-con-boxed e-con e-parent\" data-id=\"9343d94\" data-element_type=\"container\" data-e-type=\"container\">\n\t\t\t\t\t<div class=\"e-con-inner\">\n\t\t\t\t<div class=\"elementor-element elementor-element-13f5bde animated-fast elementor-widget__width-initial elementor-invisible elementor-widget elementor-widget-text-editor\" data-id=\"13f5bde\" data-element_type=\"widget\" data-e-type=\"widget\" data-settings=\"{&quot;_animation&quot;:&quot;fadeInUp&quot;}\" data-widget_type=\"text-editor.default\">\n\t\t\t\t\t\t\t\t\t<p>Bei Relatech sind wir nicht nur Technologie: Wir sind Ideen, Beziehungen, menschliche Energie. Wir sind Menschen. Und ja, wir glauben, dass der wahre Wert in den Menschen liegt, die sich L\u00f6sungen ausdenken, Innovationen schaffen und jeden Tag etwas bewirken.<\/p><p>Die Technologie ist das Medium, aber was wirklich z\u00e4hlt, sind der Verstand und das Herz, die sie bewegen.<\/p>\t\t\t\t\t\t\t\t<\/div>\n\t\t\t\t\t<\/div>\n\t\t\t\t<\/div>\n\t\t<div class=\"elementor-element elementor-element-c6673fb e-flex e-con-boxed e-con e-parent\" data-id=\"c6673fb\" data-element_type=\"container\" data-e-type=\"container\" data-settings=\"{&quot;background_background&quot;:&quot;classic&quot;}\">\n\t\t\t\t\t<div class=\"e-con-inner\">\n\t\t<div data-dce-background-overlay-color=\"#FFFFFF00\" data-dce-background-image-url=\"https:\/\/relatech.com\/wp-content\/uploads\/2025\/05\/e6n7uoenyba.jpg\" class=\"elementor-element elementor-element-0562954 animated-fast e-con-full e-flex elementor-invisible e-con e-child\" data-id=\"0562954\" data-element_type=\"container\" data-e-type=\"container\" data-settings=\"{&quot;background_background&quot;:&quot;classic&quot;,&quot;animation&quot;:&quot;fadeInUp&quot;}\">\n\t\t<div class=\"elementor-element elementor-element-73fb2b6 e-con-full glassBg e-flex e-con e-child\" data-id=\"73fb2b6\" data-element_type=\"container\" data-e-type=\"container\" data-settings=\"{&quot;background_background&quot;:&quot;classic&quot;}\">\n\t\t\t\t<div class=\"elementor-element elementor-element-51ad464 balanced elementor-widget elementor-widget-heading\" data-id=\"51ad464\" data-element_type=\"widget\" data-e-type=\"widget\" data-widget_type=\"heading.default\">\n\t\t\t\t\t<h4 class=\"elementor-heading-title elementor-size-default\">Ihr n\u00e4chster Zielort<\/h4>\t\t\t\t<\/div>\n\t\t<div class=\"elementor-element elementor-element-37b4c0c e-con-full e-flex e-con e-child\" data-id=\"37b4c0c\" data-element_type=\"container\" data-e-type=\"container\">\n\t\t\t\t<div class=\"elementor-element elementor-element-93aee96 elementor-widget elementor-widget-text-editor\" data-id=\"93aee96\" data-element_type=\"widget\" data-e-type=\"widget\" data-widget_type=\"text-editor.default\">\n\t\t\t\t\t\t\t\t\t<p>Es stimmt, wir sind ein Technologieunternehmen. Aber es ist ebenso wahr, dass wir in erster Linie ein Team sind. Ein Team, das aus echtem Zuh\u00f6ren, gemeinsamem Wachstum und einer Kultur besteht, die das Wohlbefinden und die Entwicklung der Menschen in den Mittelpunkt stellt.<\/p><p>Bei Relatech anzufangen bedeutet, einen Kontext zu finden, der Sie zur Weiterentwicklung anregt, wo Coaching und kontinuierliches Training vom ersten Tag an Teil Ihres Weges sind. Nein, das ist kein leeres Versprechen: F\u00fcr uns ist die Arbeit hier nicht nur eine Chance. Dann sind Sie hier richtig. Dann sind Sie bei Relatech genau richtig.<\/p><p>Und so haben wir uns entschieden, auf Ver\u00e4nderungen hinzuarbeiten, mit Bewusstsein, Kultur und Werkzeugen, die den Menschen (und die Menschen) in den Mittelpunkt stellen. Denn Innovation allein reicht nicht.<\/p>\t\t\t\t\t\t\t\t<\/div>\n\t\t<div class=\"elementor-element elementor-element-316e9cc e-con-full e-flex e-con e-child\" data-id=\"316e9cc\" data-element_type=\"container\" data-e-type=\"container\">\n\t\t\t\t<div data-dce-background-color=\"#FFFFFF00\" class=\"elementor-element elementor-element-1a26c3c elementor-align-left customButton animated-fast elementor-invisible elementor-widget elementor-widget-button\" data-id=\"1a26c3c\" data-element_type=\"widget\" data-e-type=\"widget\" data-settings=\"{&quot;_animation&quot;:&quot;fadeInUp&quot;}\" data-widget_type=\"button.default\">\n\t\t\t\t\t\t\t\t\t\t<a class=\"elementor-button elementor-button-link elementor-size-sm\" href=\"https:\/\/relatech.com\/de\/werte\/\">\n\t\t\t\t\t\t<span class=\"elementor-button-content-wrapper\">\n\t\t\t\t\t\t<span class=\"elementor-button-icon\">\n\t\t\t\t<svg aria-hidden=\"true\" class=\"e-font-icon-svg e-fas-chevron-right\" viewbox=\"0 0 320 512\" xmlns=\"http:\/\/www.w3.org\/2000\/svg\"><path d=\"M285.476 272.971L91.132 467.314c-9.373 9.373-24.569 9.373-33.941 0l-22.667-22.667c-9.357-9.357-9.375-24.522-.04-33.901L188.505 256 34.484 101.255c-9.335-9.379-9.317-24.544.04-33.901l22.667-22.667c9.373-9.373 24.569-9.373 33.941 0L285.475 239.03c9.373 9.372 9.373 24.568.001 33.941z\"><\/path><\/svg>\t\t\t<\/span>\n\t\t\t\t\t\t\t\t\t<span class=\"elementor-button-text\">Entdecken Sie unsere Werte<\/span>\n\t\t\t\t\t<\/span>\n\t\t\t\t\t<\/a>\n\t\t\t\t\t\t\t\t<\/div>\n\t\t\t\t<div data-dce-background-color=\"#FFFFFF00\" class=\"elementor-element elementor-element-5b2a032 customButton animated-fast elementor-invisible elementor-widget elementor-widget-button\" data-id=\"5b2a032\" data-element_type=\"widget\" data-e-type=\"widget\" data-settings=\"{&quot;_animation&quot;:&quot;fadeInUp&quot;}\" data-widget_type=\"button.default\">\n\t\t\t\t\t\t\t\t\t\t<a class=\"elementor-button elementor-button-link elementor-size-sm\" href=\"https:\/\/relatech.com\/de\/in-bezug-eingeben\/\">\n\t\t\t\t\t\t<span class=\"elementor-button-content-wrapper\">\n\t\t\t\t\t\t<span class=\"elementor-button-icon\">\n\t\t\t\t<svg aria-hidden=\"true\" class=\"e-font-icon-svg e-fas-chevron-right\" viewbox=\"0 0 320 512\" xmlns=\"http:\/\/www.w3.org\/2000\/svg\"><path d=\"M285.476 272.971L91.132 467.314c-9.373 9.373-24.569 9.373-33.941 0l-22.667-22.667c-9.357-9.357-9.375-24.522-.04-33.901L188.505 256 34.484 101.255c-9.335-9.379-9.317-24.544.04-33.901l22.667-22.667c9.373-9.373 24.569-9.373 33.941 0L285.475 239.03c9.373 9.372 9.373 24.568.001 33.941z\"><\/path><\/svg>\t\t\t<\/span>\n\t\t\t\t\t\t\t\t\t<span class=\"elementor-button-text\">Geben Sie Relatech ein<\/span>\n\t\t\t\t\t<\/span>\n\t\t\t\t\t<\/a>\n\t\t\t\t\t\t\t\t<\/div>\n\t\t\t\t<\/div>\n\t\t\t\t<\/div>\n\t\t\t\t<\/div>\n\t\t\t\t<\/div>\n\t\t\t\t\t<\/div>\n\t\t\t\t<\/div>\n\t\t\t\t<\/div>","protected":false},"excerpt":{"rendered":"<p>Il nostro cuore sono le persone In Relatech non siamo solo tecnologia: siamo idee, relazioni, energia umana. Siamo persone. E s\u00ec, crediamo che il vero valore risieda proprio nelle persone che immaginano soluzioni, creano innovazione e fanno la differenza ogni giorno. La tecnologia \u00e8 il mezzo, ma la mente e il cuore che la muovono [&hellip;]<\/p>\n","protected":false},"author":1,"featured_media":0,"parent":0,"menu_order":0,"comment_status":"closed","ping_status":"closed","template":"","meta":{"_acf_changed":false,"content-type":"","footnotes":""},"class_list":["post-2971","page","type-page","status-publish","hentry"],"acf":[],"yoast_head":"<!-- This site is optimized with the Yoast SEO Premium plugin v25.0 (Yoast SEO v27.4) - https:\/\/yoast.com\/product\/yoast-seo-premium-wordpress\/ -->\n<title>Life at Relatech | Relatech | Innovazione e Trasformazione Digitale per Aziende<\/title>\n<meta name=\"robots\" content=\"index, follow, max-snippet:-1, max-image-preview:large, max-video-preview:-1\" \/>\n<link rel=\"canonical\" href=\"https:\/\/relatech.com\/de\/leben-bei-relatedch\/\" \/>\n<meta property=\"og:locale\" content=\"de_DE\" \/>\n<meta property=\"og:type\" content=\"article\" \/>\n<meta property=\"og:title\" content=\"Life at Relatech\" \/>\n<meta property=\"og:description\" content=\"Il nostro cuore sono le persone In Relatech non siamo solo tecnologia: siamo idee, relazioni, energia umana. Siamo persone. E s\u00ec, crediamo che il vero valore risieda proprio nelle persone che immaginano soluzioni, creano innovazione e fanno la differenza ogni giorno. La tecnologia \u00e8 il mezzo, ma la mente e il cuore che la muovono [&hellip;]\" \/>\n<meta property=\"og:url\" content=\"https:\/\/relatech.com\/de\/leben-bei-relatedch\/\" \/>\n<meta property=\"og:site_name\" content=\"Relatech | Innovazione e Trasformazione Digitale per Aziende\" \/>\n<meta property=\"article:modified_time\" content=\"2025-05-12T11:56:13+00:00\" \/>\n<meta name=\"twitter:card\" content=\"summary_large_image\" \/>\n<meta name=\"twitter:label1\" content=\"Gesch\u00e4tzte Lesezeit\" \/>\n\t<meta name=\"twitter:data1\" content=\"1\u00a0Minute\" \/>\n<script type=\"application\/ld+json\" class=\"yoast-schema-graph\">{\"@context\":\"https:\\\/\\\/schema.org\",\"@graph\":[{\"@type\":\"WebPage\",\"@id\":\"https:\\\/\\\/relatech.com\\\/life-at-relatech\\\/\",\"url\":\"https:\\\/\\\/relatech.com\\\/life-at-relatech\\\/\",\"name\":\"Life at Relatech | Relatech | Innovazione e Trasformazione Digitale per Aziende\",\"isPartOf\":{\"@id\":\"https:\\\/\\\/relatech.com\\\/#website\"},\"datePublished\":\"2025-05-02T10:42:51+00:00\",\"dateModified\":\"2025-05-12T11:56:13+00:00\",\"breadcrumb\":{\"@id\":\"https:\\\/\\\/relatech.com\\\/life-at-relatech\\\/#breadcrumb\"},\"inLanguage\":\"de\",\"potentialAction\":[{\"@type\":\"ReadAction\",\"target\":[\"https:\\\/\\\/relatech.com\\\/life-at-relatech\\\/\"]}]},{\"@type\":\"BreadcrumbList\",\"@id\":\"https:\\\/\\\/relatech.com\\\/life-at-relatech\\\/#breadcrumb\",\"itemListElement\":[{\"@type\":\"ListItem\",\"position\":1,\"name\":\"Home\",\"item\":\"https:\\\/\\\/relatech.com\\\/\"},{\"@type\":\"ListItem\",\"position\":2,\"name\":\"Life at Relatech\"}]},{\"@type\":\"WebSite\",\"@id\":\"https:\\\/\\\/relatech.com\\\/#website\",\"url\":\"https:\\\/\\\/relatech.com\\\/\",\"name\":\"Relatech | Innovazione e Trasformazione Digitale per Aziende\",\"description\":\"Relatech \u00e8 il partner per la digital transformation delle aziende. Consulenza strategica, digital enabler e soluzioni verticali per l&#039;innovazione digitale.\",\"publisher\":{\"@id\":\"https:\\\/\\\/relatech.com\\\/#organization\"},\"potentialAction\":[{\"@type\":\"SearchAction\",\"target\":{\"@type\":\"EntryPoint\",\"urlTemplate\":\"https:\\\/\\\/relatech.com\\\/?s={search_term_string}\"},\"query-input\":{\"@type\":\"PropertyValueSpecification\",\"valueRequired\":true,\"valueName\":\"search_term_string\"}}],\"inLanguage\":\"de\"},{\"@type\":\"Organization\",\"@id\":\"https:\\\/\\\/relatech.com\\\/#organization\",\"name\":\"Relatech S.p.A.\",\"url\":\"https:\\\/\\\/relatech.com\\\/\",\"logo\":{\"@type\":\"ImageObject\",\"inLanguage\":\"de\",\"@id\":\"https:\\\/\\\/relatech.com\\\/#\\\/schema\\\/logo\\\/image\\\/\",\"url\":\"\",\"contentUrl\":\"\",\"caption\":\"Relatech S.p.A.\"},\"image\":{\"@id\":\"https:\\\/\\\/relatech.com\\\/#\\\/schema\\\/logo\\\/image\\\/\"}}]}<\/script>\n<!-- \/ Yoast SEO Premium plugin. -->","yoast_head_json":{"title":"Das Leben bei Relatech | Relatech | Innovation und digitale Transformation f\u00fcr Unternehmen","robots":{"index":"index","follow":"follow","max-snippet":"max-snippet:-1","max-image-preview":"max-image-preview:large","max-video-preview":"max-video-preview:-1"},"canonical":"https:\/\/relatech.com\/de\/leben-bei-relatedch\/","og_locale":"de_DE","og_type":"article","og_title":"Life at Relatech","og_description":"Il nostro cuore sono le persone In Relatech non siamo solo tecnologia: siamo idee, relazioni, energia umana. Siamo persone. E s\u00ec, crediamo che il vero valore risieda proprio nelle persone che immaginano soluzioni, creano innovazione e fanno la differenza ogni giorno. La tecnologia \u00e8 il mezzo, ma la mente e il cuore che la muovono [&hellip;]","og_url":"https:\/\/relatech.com\/de\/leben-bei-relatedch\/","og_site_name":"Relatech | Innovazione e Trasformazione Digitale per Aziende","article_modified_time":"2025-05-12T11:56:13+00:00","twitter_card":"summary_large_image","twitter_misc":{"Gesch\u00e4tzte Lesezeit":"1\u00a0Minute"},"schema":{"@context":"https:\/\/schema.org","@graph":[{"@type":"WebPage","@id":"https:\/\/relatech.com\/life-at-relatech\/","url":"https:\/\/relatech.com\/life-at-relatech\/","name":"Das Leben bei Relatech | Relatech | Innovation und digitale Transformation f\u00fcr Unternehmen","isPartOf":{"@id":"https:\/\/relatech.com\/#website"},"datePublished":"2025-05-02T10:42:51+00:00","dateModified":"2025-05-12T11:56:13+00:00","breadcrumb":{"@id":"https:\/\/relatech.com\/life-at-relatech\/#breadcrumb"},"inLanguage":"de","potentialAction":[{"@type":"ReadAction","target":["https:\/\/relatech.com\/life-at-relatech\/"]}]},{"@type":"BreadcrumbList","@id":"https:\/\/relatech.com\/life-at-relatech\/#breadcrumb","itemListElement":[{"@type":"ListItem","position":1,"name":"Home","item":"https:\/\/relatech.com\/"},{"@type":"ListItem","position":2,"name":"Life at Relatech"}]},{"@type":"WebSite","@id":"https:\/\/relatech.com\/#website","url":"https:\/\/relatech.com\/","name":"Relatech | Innovation und digitale Transformation f\u00fcr Unternehmen","description":"Relatech ist der Partner f\u00fcr die digitale Transformation von Unternehmen. Strategische Beratung, digitaler Enabler und vertikale L\u00f6sungen f\u00fcr digitale Innovationen.","publisher":{"@id":"https:\/\/relatech.com\/#organization"},"potentialAction":[{"@type":"SearchAction","target":{"@type":"EntryPoint","urlTemplate":"https:\/\/relatech.com\/?s={search_term_string}"},"query-input":{"@type":"PropertyValueSpecification","valueRequired":true,"valueName":"search_term_string"}}],"inLanguage":"de"},{"@type":"Organization","@id":"https:\/\/relatech.com\/#organization","name":"Relatech SpA","url":"https:\/\/relatech.com\/","logo":{"@type":"ImageObject","inLanguage":"de","@id":"https:\/\/relatech.com\/#\/schema\/logo\/image\/","url":"","contentUrl":"","caption":"Relatech S.p.A."},"image":{"@id":"https:\/\/relatech.com\/#\/schema\/logo\/image\/"}}]}},"_links":{"self":[{"href":"https:\/\/relatech.com\/de\/wp-json\/wp\/v2\/pages\/2971","targetHints":{"allow":["GET"]}}],"collection":[{"href":"https:\/\/relatech.com\/de\/wp-json\/wp\/v2\/pages"}],"about":[{"href":"https:\/\/relatech.com\/de\/wp-json\/wp\/v2\/types\/page"}],"author":[{"embeddable":true,"href":"https:\/\/relatech.com\/de\/wp-json\/wp\/v2\/users\/1"}],"replies":[{"embeddable":true,"href":"https:\/\/relatech.com\/de\/wp-json\/wp\/v2\/comments?post=2971"}],"version-history":[{"count":0,"href":"https:\/\/relatech.com\/de\/wp-json\/wp\/v2\/pages\/2971\/revisions"}],"wp:attachment":[{"href":"https:\/\/relatech.com\/de\/wp-json\/wp\/v2\/media?parent=2971"}],"curies":[{"name":"wp","href":"https:\/\/api.w.org\/{rel}","templated":true}]}}