{"id":11454,"date":"2025-05-15T12:43:27","date_gmt":"2025-05-15T10:43:27","guid":{"rendered":"https:\/\/relatech.com\/?page_id=11454"},"modified":"2025-05-16T18:35:25","modified_gmt":"2025-05-16T16:35:25","slug":"magazinkopf","status":"publish","type":"page","link":"https:\/\/relatech.com\/de\/magazinkopf\/","title":{"rendered":"Magazinkopf"},"content":{"rendered":"<div data-elementor-type=\"wp-page\" data-elementor-id=\"11454\" class=\"elementor elementor-11454\" data-elementor-post-type=\"page\">\n\t\t\t\t<div class=\"elementor-element elementor-element-6405ecf animated-fast e-con-full e-flex elementor-invisible e-con e-parent\" data-id=\"6405ecf\" data-element_type=\"container\" data-e-type=\"container\" data-settings=\"{&quot;position&quot;:&quot;fixed&quot;,&quot;animation&quot;:&quot;fadeInDown&quot;}\">\n\t\t<div data-dce-background-color=\"#111117D1\" class=\"elementor-element elementor-element-7039d53 e-con-full glassBg e-flex e-con e-child\" data-id=\"7039d53\" data-element_type=\"container\" data-e-type=\"container\" data-settings=\"{&quot;background_background&quot;:&quot;classic&quot;}\">\n\t\t\t\t<div class=\"elementor-element elementor-element-0e344cd elementor-widget elementor-widget-image\" data-id=\"0e344cd\" data-element_type=\"widget\" data-e-type=\"widget\" data-widget_type=\"image.default\">\n\t\t\t\t\t\t\t\t\t\t\t\t\t\t\t\t<a href=\"https:\/\/relatech.com\/de\" target=\"_blank\">\n\t\t\t\t\t\t\t<img decoding=\"async\" width=\"198\" height=\"86\" src=\"https:\/\/relatech.com\/wp-content\/uploads\/2025\/04\/logo-relatech-white.svg\" class=\"attachment-large size-large wp-image-325\" alt=\"\" \/>\t\t\t\t\t\t\t\t<\/a>\n\t\t\t\t\t\t\t\t\t\t\t\t\t\t\t<\/div>\n\t\t\t\t<div class=\"elementor-element elementor-element-7a161ef elementor-nav-menu__align-center elementor-widget-mobile__width-initial elementor-nav-menu--stretch elementor-nav-menu--dropdown-tablet elementor-nav-menu__text-align-aside elementor-nav-menu--toggle elementor-nav-menu--burger elementor-widget elementor-widget-nav-menu\" data-id=\"7a161ef\" data-element_type=\"widget\" data-e-type=\"widget\" data-settings=\"{&quot;submenu_icon&quot;:{&quot;value&quot;:&quot;&lt;svg aria-hidden=\\&quot;true\\&quot; class=\\&quot;e-font-icon-svg e-fas-angle-down\\&quot; viewBox=\\&quot;0 0 320 512\\&quot; xmlns=\\&quot;http:\\\/\\\/www.w3.org\\\/2000\\\/svg\\&quot;&gt;&lt;path d=\\&quot;M143 352.3L7 216.3c-9.4-9.4-9.4-24.6 0-33.9l22.6-22.6c9.4-9.4 24.6-9.4 33.9 0l96.4 96.4 96.4-96.4c9.4-9.4 24.6-9.4 33.9 0l22.6 22.6c9.4 9.4 9.4 24.6 0 33.9l-136 136c-9.2 9.4-24.4 9.4-33.8 0z\\&quot;&gt;&lt;\\\/path&gt;&lt;\\\/svg&gt;&quot;,&quot;library&quot;:&quot;fa-solid&quot;},&quot;full_width&quot;:&quot;stretch&quot;,&quot;layout&quot;:&quot;horizontal&quot;,&quot;toggle&quot;:&quot;burger&quot;}\" data-no-translation=\"\" data-widget_type=\"nav-menu.default\">\n\t\t\t\t\t<style>.elementor-element-7a161ef{display:none !important}<\/style>\t\t\t\t<\/div>\n\t\t\t\t<div class=\"elementor-element elementor-element-3c977ef elementor-nav-menu__align-center elementor-widget-mobile__width-initial elementor-nav-menu--stretch elementor-nav-menu--dropdown-tablet elementor-nav-menu__text-align-aside elementor-nav-menu--toggle elementor-nav-menu--burger elementor-widget elementor-widget-nav-menu\" data-id=\"3c977ef\" data-element_type=\"widget\" data-e-type=\"widget\" data-settings=\"{&quot;submenu_icon&quot;:{&quot;value&quot;:&quot;&lt;svg aria-hidden=\\&quot;true\\&quot; class=\\&quot;e-font-icon-svg e-fas-angle-down\\&quot; viewBox=\\&quot;0 0 320 512\\&quot; xmlns=\\&quot;http:\\\/\\\/www.w3.org\\\/2000\\\/svg\\&quot;&gt;&lt;path d=\\&quot;M143 352.3L7 216.3c-9.4-9.4-9.4-24.6 0-33.9l22.6-22.6c9.4-9.4 24.6-9.4 33.9 0l96.4 96.4 96.4-96.4c9.4-9.4 24.6-9.4 33.9 0l22.6 22.6c9.4 9.4 9.4 24.6 0 33.9l-136 136c-9.2 9.4-24.4 9.4-33.8 0z\\&quot;&gt;&lt;\\\/path&gt;&lt;\\\/svg&gt;&quot;,&quot;library&quot;:&quot;fa-solid&quot;},&quot;full_width&quot;:&quot;stretch&quot;,&quot;layout&quot;:&quot;horizontal&quot;,&quot;toggle&quot;:&quot;burger&quot;}\" data-no-translation=\"\" data-widget_type=\"nav-menu.default\">\n\t\t\t\t\t<style>.elementor-element-3c977ef{display:none !important}<\/style>\t\t\t\t<\/div>\n\t\t\t\t<div class=\"elementor-element elementor-element-28d7a04 elementor-align-right customButton elementor-hidden-tablet elementor-hidden-mobile elementor-widget elementor-widget-button\" data-id=\"28d7a04\" data-element_type=\"widget\" data-e-type=\"widget\" data-widget_type=\"button.default\">\n\t\t\t\t\t\t\t\t\t\t<a class=\"elementor-button elementor-button-link elementor-size-sm\" href=\"https:\/\/relatech.com\/de\/kontakte\/\" target=\"_blank\">\n\t\t\t\t\t\t<span class=\"elementor-button-content-wrapper\">\n\t\t\t\t\t\t<span class=\"elementor-button-icon\">\n\t\t\t\t<svg aria-hidden=\"true\" class=\"e-font-icon-svg e-fas-chevron-right\" viewbox=\"0 0 320 512\" xmlns=\"http:\/\/www.w3.org\/2000\/svg\"><path d=\"M285.476 272.971L91.132 467.314c-9.373 9.373-24.569 9.373-33.941 0l-22.667-22.667c-9.357-9.357-9.375-24.522-.04-33.901L188.505 256 34.484 101.255c-9.335-9.379-9.317-24.544.04-33.901l22.667-22.667c9.373-9.373 24.569-9.373 33.941 0L285.475 239.03c9.373 9.372 9.373 24.568.001 33.941z\"><\/path><\/svg>\t\t\t<\/span>\n\t\t\t\t\t\t\t\t\t<span class=\"elementor-button-text\">Kontaktieren Sie uns<\/span>\n\t\t\t\t\t<\/span>\n\t\t\t\t\t<\/a>\n\t\t\t\t\t\t\t\t<\/div>\n\t\t\t\t<\/div>\n\t\t\t\t<\/div>\n\t\t\t\t<\/div>","protected":false},"excerpt":{"rendered":"<p>Kontaktieren Sie uns<\/p>","protected":false},"author":1,"featured_media":0,"parent":0,"menu_order":0,"comment_status":"closed","ping_status":"closed","template":"elementor_canvas","meta":{"_acf_changed":false,"content-type":"","footnotes":""},"class_list":["post-11454","page","type-page","status-publish","hentry"],"acf":[],"yoast_head":"<!-- This site is optimized with the Yoast SEO Premium plugin v25.0 (Yoast SEO v27.4) - https:\/\/yoast.com\/product\/yoast-seo-premium-wordpress\/ -->\n<title>Magazine Header | Relatech | Innovazione e Trasformazione Digitale per Aziende<\/title>\n<meta name=\"robots\" content=\"noindex, follow\" \/>\n<meta property=\"og:locale\" content=\"de_DE\" \/>\n<meta property=\"og:type\" content=\"article\" \/>\n<meta property=\"og:title\" content=\"Magazine Header\" \/>\n<meta property=\"og:description\" content=\"Contattaci\" \/>\n<meta property=\"og:url\" content=\"https:\/\/relatech.com\/de\/magazinkopf\/\" \/>\n<meta property=\"og:site_name\" content=\"Relatech | Innovazione e Trasformazione Digitale per Aziende\" \/>\n<meta property=\"article:modified_time\" content=\"2025-05-16T16:35:25+00:00\" \/>\n<meta property=\"og:image\" content=\"https:\/\/relatech.com\/wp-content\/uploads\/2025\/04\/logo-relatech-white.svg\" \/>\n<meta name=\"twitter:card\" content=\"summary_large_image\" \/>\n<meta name=\"twitter:label1\" content=\"Gesch\u00e4tzte Lesezeit\" \/>\n\t<meta name=\"twitter:data1\" content=\"1\u00a0Minute\" \/>\n<script type=\"application\/ld+json\" class=\"yoast-schema-graph\">{\"@context\":\"https:\\\/\\\/schema.org\",\"@graph\":[{\"@type\":\"WebPage\",\"@id\":\"https:\\\/\\\/relatech.com\\\/magazine-header\\\/\",\"url\":\"https:\\\/\\\/relatech.com\\\/magazine-header\\\/\",\"name\":\"Magazine Header | Relatech | Innovazione e Trasformazione Digitale per Aziende\",\"isPartOf\":{\"@id\":\"https:\\\/\\\/relatech.com\\\/#website\"},\"primaryImageOfPage\":{\"@id\":\"https:\\\/\\\/relatech.com\\\/magazine-header\\\/#primaryimage\"},\"image\":{\"@id\":\"https:\\\/\\\/relatech.com\\\/magazine-header\\\/#primaryimage\"},\"thumbnailUrl\":\"https:\\\/\\\/relatech.com\\\/wp-content\\\/uploads\\\/2025\\\/04\\\/logo-relatech-white.svg\",\"datePublished\":\"2025-05-15T10:43:27+00:00\",\"dateModified\":\"2025-05-16T16:35:25+00:00\",\"breadcrumb\":{\"@id\":\"https:\\\/\\\/relatech.com\\\/magazine-header\\\/#breadcrumb\"},\"inLanguage\":\"de\",\"potentialAction\":[{\"@type\":\"ReadAction\",\"target\":[\"https:\\\/\\\/relatech.com\\\/magazine-header\\\/\"]}]},{\"@type\":\"ImageObject\",\"inLanguage\":\"de\",\"@id\":\"https:\\\/\\\/relatech.com\\\/magazine-header\\\/#primaryimage\",\"url\":\"https:\\\/\\\/relatech.com\\\/wp-content\\\/uploads\\\/2025\\\/04\\\/logo-relatech-white.svg\",\"contentUrl\":\"https:\\\/\\\/relatech.com\\\/wp-content\\\/uploads\\\/2025\\\/04\\\/logo-relatech-white.svg\"},{\"@type\":\"BreadcrumbList\",\"@id\":\"https:\\\/\\\/relatech.com\\\/magazine-header\\\/#breadcrumb\",\"itemListElement\":[{\"@type\":\"ListItem\",\"position\":1,\"name\":\"Home\",\"item\":\"https:\\\/\\\/relatech.com\\\/\"},{\"@type\":\"ListItem\",\"position\":2,\"name\":\"Magazine Header\"}]},{\"@type\":\"WebSite\",\"@id\":\"https:\\\/\\\/relatech.com\\\/#website\",\"url\":\"https:\\\/\\\/relatech.com\\\/\",\"name\":\"Relatech | Innovazione e Trasformazione Digitale per Aziende\",\"description\":\"Relatech \u00e8 il partner per la digital transformation delle aziende. Consulenza strategica, digital enabler e soluzioni verticali per l&#039;innovazione digitale.\",\"publisher\":{\"@id\":\"https:\\\/\\\/relatech.com\\\/#organization\"},\"potentialAction\":[{\"@type\":\"SearchAction\",\"target\":{\"@type\":\"EntryPoint\",\"urlTemplate\":\"https:\\\/\\\/relatech.com\\\/?s={search_term_string}\"},\"query-input\":{\"@type\":\"PropertyValueSpecification\",\"valueRequired\":true,\"valueName\":\"search_term_string\"}}],\"inLanguage\":\"de\"},{\"@type\":\"Organization\",\"@id\":\"https:\\\/\\\/relatech.com\\\/#organization\",\"name\":\"Relatech S.p.A.\",\"url\":\"https:\\\/\\\/relatech.com\\\/\",\"logo\":{\"@type\":\"ImageObject\",\"inLanguage\":\"de\",\"@id\":\"https:\\\/\\\/relatech.com\\\/#\\\/schema\\\/logo\\\/image\\\/\",\"url\":\"\",\"contentUrl\":\"\",\"caption\":\"Relatech S.p.A.\"},\"image\":{\"@id\":\"https:\\\/\\\/relatech.com\\\/#\\\/schema\\\/logo\\\/image\\\/\"}}]}<\/script>\n<!-- \/ Yoast SEO Premium plugin. -->","yoast_head_json":{"title":"Magazin-Header | Relatech | Innovation und digitale Transformation f\u00fcr Unternehmen","robots":{"index":"noindex","follow":"follow"},"og_locale":"de_DE","og_type":"article","og_title":"Magazine Header","og_description":"Contattaci","og_url":"https:\/\/relatech.com\/de\/magazinkopf\/","og_site_name":"Relatech | Innovazione e Trasformazione Digitale per Aziende","article_modified_time":"2025-05-16T16:35:25+00:00","og_image":[{"url":"https:\/\/relatech.com\/wp-content\/uploads\/2025\/04\/logo-relatech-white.svg","type":"","width":"","height":""}],"twitter_card":"summary_large_image","twitter_misc":{"Gesch\u00e4tzte Lesezeit":"1\u00a0Minute"},"schema":{"@context":"https:\/\/schema.org","@graph":[{"@type":"WebPage","@id":"https:\/\/relatech.com\/magazine-header\/","url":"https:\/\/relatech.com\/magazine-header\/","name":"Magazin-Header | Relatech | Innovation und digitale Transformation f\u00fcr Unternehmen","isPartOf":{"@id":"https:\/\/relatech.com\/#website"},"primaryImageOfPage":{"@id":"https:\/\/relatech.com\/magazine-header\/#primaryimage"},"image":{"@id":"https:\/\/relatech.com\/magazine-header\/#primaryimage"},"thumbnailUrl":"https:\/\/relatech.com\/wp-content\/uploads\/2025\/04\/logo-relatech-white.svg","datePublished":"2025-05-15T10:43:27+00:00","dateModified":"2025-05-16T16:35:25+00:00","breadcrumb":{"@id":"https:\/\/relatech.com\/magazine-header\/#breadcrumb"},"inLanguage":"de","potentialAction":[{"@type":"ReadAction","target":["https:\/\/relatech.com\/magazine-header\/"]}]},{"@type":"ImageObject","inLanguage":"de","@id":"https:\/\/relatech.com\/magazine-header\/#primaryimage","url":"https:\/\/relatech.com\/wp-content\/uploads\/2025\/04\/logo-relatech-white.svg","contentUrl":"https:\/\/relatech.com\/wp-content\/uploads\/2025\/04\/logo-relatech-white.svg"},{"@type":"BreadcrumbList","@id":"https:\/\/relatech.com\/magazine-header\/#breadcrumb","itemListElement":[{"@type":"ListItem","position":1,"name":"Home","item":"https:\/\/relatech.com\/"},{"@type":"ListItem","position":2,"name":"Magazine Header"}]},{"@type":"WebSite","@id":"https:\/\/relatech.com\/#website","url":"https:\/\/relatech.com\/","name":"Relatech | Innovation und digitale Transformation f\u00fcr Unternehmen","description":"Relatech ist der Partner f\u00fcr die digitale Transformation von Unternehmen. Strategische Beratung, digitaler Enabler und vertikale L\u00f6sungen f\u00fcr digitale Innovationen.","publisher":{"@id":"https:\/\/relatech.com\/#organization"},"potentialAction":[{"@type":"SearchAction","target":{"@type":"EntryPoint","urlTemplate":"https:\/\/relatech.com\/?s={search_term_string}"},"query-input":{"@type":"PropertyValueSpecification","valueRequired":true,"valueName":"search_term_string"}}],"inLanguage":"de"},{"@type":"Organization","@id":"https:\/\/relatech.com\/#organization","name":"Relatech SpA","url":"https:\/\/relatech.com\/","logo":{"@type":"ImageObject","inLanguage":"de","@id":"https:\/\/relatech.com\/#\/schema\/logo\/image\/","url":"","contentUrl":"","caption":"Relatech S.p.A."},"image":{"@id":"https:\/\/relatech.com\/#\/schema\/logo\/image\/"}}]}},"_links":{"self":[{"href":"https:\/\/relatech.com\/de\/wp-json\/wp\/v2\/pages\/11454","targetHints":{"allow":["GET"]}}],"collection":[{"href":"https:\/\/relatech.com\/de\/wp-json\/wp\/v2\/pages"}],"about":[{"href":"https:\/\/relatech.com\/de\/wp-json\/wp\/v2\/types\/page"}],"author":[{"embeddable":true,"href":"https:\/\/relatech.com\/de\/wp-json\/wp\/v2\/users\/1"}],"replies":[{"embeddable":true,"href":"https:\/\/relatech.com\/de\/wp-json\/wp\/v2\/comments?post=11454"}],"version-history":[{"count":16,"href":"https:\/\/relatech.com\/de\/wp-json\/wp\/v2\/pages\/11454\/revisions"}],"predecessor-version":[{"id":11611,"href":"https:\/\/relatech.com\/de\/wp-json\/wp\/v2\/pages\/11454\/revisions\/11611"}],"wp:attachment":[{"href":"https:\/\/relatech.com\/de\/wp-json\/wp\/v2\/media?parent=11454"}],"curies":[{"name":"wp","href":"https:\/\/api.w.org\/{rel}","templated":true}]}}