{"id":10977,"date":"2025-05-12T22:12:40","date_gmt":"2025-05-12T20:12:40","guid":{"rendered":"https:\/\/relatech.com\/?page_id=10977"},"modified":"2025-05-13T01:39:00","modified_gmt":"2025-05-12T23:39:00","slug":"ubernahmeangebot-2024","status":"publish","type":"page","link":"https:\/\/relatech.com\/de\/investor-relations\/ubernahmeangebot-2024\/","title":{"rendered":"OPA 2024"},"content":{"rendered":"<div data-elementor-type=\"wp-page\" data-elementor-id=\"10977\" class=\"elementor elementor-10977\" data-elementor-post-type=\"page\">\n\t\t\t\t<div class=\"elementor-element elementor-element-7ab6511 e-flex e-con-boxed e-con e-parent\" data-id=\"7ab6511\" data-element_type=\"container\" data-e-type=\"container\">\n\t\t\t\t\t<div class=\"e-con-inner\">\n\t\t<div class=\"elementor-element elementor-element-cd02c01 e-con-full e-flex e-con e-child\" data-id=\"cd02c01\" data-element_type=\"container\" data-e-type=\"container\">\n\t\t\t\t<div class=\"elementor-element elementor-element-d837fe6 elementor-widget elementor-widget-heading\" data-id=\"d837fe6\" data-element_type=\"widget\" data-e-type=\"widget\" data-widget_type=\"heading.default\">\n\t\t\t\t\t<span class=\"elementor-heading-title elementor-size-default\">Information\n<\/span>\t\t\t\t<\/div>\n\t\t\t\t<div class=\"elementor-element elementor-element-94bcb34 elementor-widget elementor-widget-heading\" data-id=\"94bcb34\" data-element_type=\"widget\" data-e-type=\"widget\" data-widget_type=\"heading.default\">\n\t\t\t\t\t<h1 class=\"elementor-heading-title elementor-size-default\">Innovation in der Technologie\n<\/h1>\t\t\t\t<\/div>\n\t\t\t\t<\/div>\n\t\t<div class=\"elementor-element elementor-element-ce618e1 e-con-full e-flex e-con e-child\" data-id=\"ce618e1\" data-element_type=\"container\" data-e-type=\"container\">\n\t\t\t\t<div class=\"elementor-element elementor-element-53de880 elementor-widget elementor-widget-heading\" data-id=\"53de880\" data-element_type=\"widget\" data-e-type=\"widget\" data-widget_type=\"heading.default\">\n\t\t\t\t\t<span class=\"elementor-heading-title elementor-size-default\">HAFTUNGSAUSSCHLUSS<\/span>\t\t\t\t<\/div>\n\t\t\t\t<div class=\"elementor-element elementor-element-642f8b5 elementor-widget elementor-widget-heading\" data-id=\"642f8b5\" data-element_type=\"widget\" data-e-type=\"widget\" data-widget_type=\"heading.default\">\n\t\t\t\t\t<span class=\"elementor-heading-title elementor-size-default\">BEVOR SIE AUF DIE IN DIESEM ABSCHNITT DIESER WEBSITE ENTHALTENEN INFORMATIONEN UND DOKUMENTE ZUGREIFEN, LESEN UND AKZEPTIEREN SIE BITTE DIE UNTENSTEHENDEN INFORMATIONEN.\n\n<\/span>\t\t\t\t<\/div>\n\t\t\t\t<\/div>\n\t\t\t\t<div class=\"elementor-element elementor-element-cbc95f4 elementor-widget elementor-widget-text-editor\" data-id=\"cbc95f4\" data-element_type=\"widget\" data-e-type=\"widget\" data-widget_type=\"text-editor.default\">\n\t\t\t\t\t\t\t\t\t<p>Dieser Abschnitt enth\u00e4lt Informationen und Dokumente in Bezug auf das obligatorische \u00f6ffentliche Kaufangebot (das \u201eAngebot\u201c) f\u00fcr die Stammaktien (die \u201eAktien\u201c) von Relatech SpA (\u201eRelatech\u201c oder der \u201eEmittent\u201c), das von Gemini BidCo Srl (\u201eGemini BidCo\u201c oder der \u201eAnbieter\u201c) gem\u00e4\u00df Artikel 102 und 106 Absatz 1 des Gesetzesdekrets 58\/1998 (\u201eTUF\u201c) und Artikel 10 der Satzung von Relatech gef\u00f6rdert wird. Das Angebot richtet sich ohne Unterscheidung und zu gleichen Bedingungen an alle Inhaber von Aktien und wird ausschlie\u00dflich auf dem italienischen Markt beworben.<\/p><p>Das Angebot wird weder direkt noch indirekt in den Vereinigten Staaten, Kanada, Japan und Australien sowie in anderen L\u00e4ndern beworben oder verbreitet, in denen das Angebot ohne Genehmigung der zust\u00e4ndigen Beh\u00f6rden oder aufgrund anderer Anforderungen nicht zul\u00e4ssig ist (solche L\u00e4nder, darunter die Vereinigten Staaten, Kanada, Japan und Australien, werden zusammen als die \u201eanderen L\u00e4nder\u201c bezeichnet). Das Angebot wird nicht unter Verwendung nationaler oder internationaler Kommunikations- oder Handelsinstrumente der anderen L\u00e4nder (einschlie\u00dflich beispielsweise des Postnetzes, Fax, Telex, E-Mail, Telefon und Internet) oder \u00fcber die Strukturen von Finanzintermedi\u00e4ren der anderen L\u00e4nder oder auf sonstige Weise beworben.<\/p><p>Das Angebot erfolgt und wird durch die Ver\u00f6ffentlichung der Angebotsunterlagen durch den Bieter unter Vorbehalt der Genehmigung durch CONSOB abgegeben. Inhabern von Relatech-Aktien wird empfohlen, vor der Annahme des Angebots die gem\u00e4\u00df dem Gesetz ver\u00f6ffentlichten Unterlagen zum Angebot sorgf\u00e4ltig zu lesen. Die Teilnahme an dem Angebot durch Personen mit Wohnsitz in anderen L\u00e4ndern als Italien kann besonderen Verpflichtungen oder Beschr\u00e4nkungen unterliegen, die durch gesetzliche oder regulatorische Bestimmungen vorgesehen sind. Es liegt in der alleinigen Verantwortung der Empf\u00e4nger des Angebots, diese Regeln einzuhalten und sich daher vor der Annahme des Angebots durch Kontaktaufnahme mit ihren Beratern von deren Existenz und Anwendbarkeit zu \u00fcberzeugen. Der Anbieter haftet nicht f\u00fcr die Verletzung der oben genannten Beschr\u00e4nkungen durch eine Person.<\/p><p>Dieser Abschnitt der Website und die darin enthaltenen Informationen und Dokumente stellen weder ein Angebot zum Kauf oder Tausch noch eine Aufforderung zur Abgabe eines Angebots zum Verkauf oder Tausch von Finanzinstrumenten in einem der anderen L\u00e4nder dar und sind auch nicht Teil eines solchen Angebots. Sie werden ausschlie\u00dflich zu Informationszwecken bereitgestellt und sind nur f\u00fcr Personen zug\u00e4nglich, die ihren Wohnsitz oder derzeitigen Aufenthaltsort nicht in den anderen L\u00e4ndern haben.<\/p><p>Dieser Abschnitt der Website und die darin enthaltenen Informationen und Dokumente d\u00fcrfen weder direkt noch indirekt, weder ganz noch teilweise, in andere L\u00e4nder gesendet oder auf irgendeine Weise \u00fcbermittelt oder verteilt werden. Jeder Empf\u00e4nger der oben genannten Dokumente und\/oder Informationen darf diese weder ganz noch teilweise in andere L\u00e4nder verteilen, versenden oder weiterleiten (weder per Post noch mithilfe anderer nationaler und internationaler Kommunikations- oder Handelsmittel).<\/p><p>Mir ist bekannt, dass die abgegebenen Erkl\u00e4rungen eine Selbstzertifizierung gem\u00e4\u00df Pr\u00e4sidialerlass Nr. darstellen. 445 vom 28. Dezember 2000 und dass falsche Angaben strafbar sind.<\/p>\t\t\t\t\t\t\t\t<\/div>\n\t\t\t\t<div class=\"elementor-element elementor-element-90927c4 hidde elementor-widget elementor-widget-html\" data-id=\"90927c4\" data-element_type=\"widget\" data-e-type=\"widget\" data-widget_type=\"html.default\">\n\t\t\t\t\t<div class=\"chekbox-enable-opa\">\n  <input id=\"enable-opa\" name=\"enable-opa\" type=\"checkbox\" \/>\n  <label for=\"enable-opa\">Ich akzeptiere<\/label>\n\n  <!-- assegna l'id all'elemento che vuoi nascondere -->\n  <p id=\"\">\n    Indem Sie die Schaltfl\u00e4che \u201eAKZEPTIEREN\u201c ausw\u00e4hlen, erkl\u00e4ren und garantieren Sie, dass Sie weder Ihren Wohnsitz noch Ihren Aufenthaltsort in den anderen L\u00e4ndern (wie zuvor definiert) haben und dass Sie alle oben genannten Einschr\u00e4nkungen gelesen, verstanden und vollst\u00e4ndig akzeptiert haben und sich verpflichten, diese einzuhalten.\n  <\/p>\n<\/div>\n\n<script>\n  document.addEventListener('DOMContentLoaded', function() {\n    const checkbox = document.getElementById('enable-opa');\n    const content  = document.getElementById('hiddenContent');\n\n    \/\/ Nascondi all\u2019avvio\n    content.classList.add('hidden');\n\n    \/\/ Al cambio di stato della checkbox\n    checkbox.addEventListener('change', function() {\n      if (checkbox.checked) {\n        content.classList.remove('hidden');\n      } else {\n        content.classList.add('hidden');\n      }\n    });\n  });\n<\/script>\t\t\t\t<\/div>\n\t\t<div data-dce-background-color=\"#FFFFFF\" class=\"elementor-element elementor-element-b6d465e e-con-full e-flex e-con e-child\" data-id=\"b6d465e\" data-element_type=\"container\" data-e-type=\"container\" id=\"hiddenContent\" data-settings=\"{&quot;background_background&quot;:&quot;classic&quot;}\">\n\t\t<div class=\"elementor-element elementor-element-337e2a7 e-con-full e-flex e-con e-child\" data-id=\"337e2a7\" data-element_type=\"container\" data-e-type=\"container\">\n\t\t\t\t<div class=\"elementor-element elementor-element-18c6200 elementor-widget elementor-widget-image\" data-id=\"18c6200\" data-element_type=\"widget\" data-e-type=\"widget\" data-widget_type=\"image.default\">\n\t\t\t\t\t\t\t\t\t\t\t\t\t\t\t<img decoding=\"async\" width=\"34\" height=\"34\" src=\"https:\/\/relatech.com\/wp-content\/uploads\/2025\/05\/ic_icon_file_pdf.svg\" class=\"attachment-large size-large wp-image-4891\" alt=\"\" \/>\t\t\t\t\t\t\t\t\t\t\t\t\t\t\t<\/div>\n\t\t\t\t<div class=\"elementor-element elementor-element-6ff7988 elementor-widget__width-inherit listElement elementor-widget elementor-widget-heading\" data-id=\"6ff7988\" data-element_type=\"widget\" data-e-type=\"widget\" data-widget_type=\"heading.default\">\n\t\t\t\t\t<span class=\"elementor-heading-title elementor-size-default\"><a href=\"https:\/\/relatech.com\/wp-content\/uploads\/2025\/05\/Gemini_BidCo-Relatech_SpA-Comunicato_ex_art_102_TUF_01082024.pdf\" target=\"_blank\">01. August 2024 \u2013 Pressemitteilung gem\u00e4\u00df Art. 102 TUF (Mitteilung ver\u00f6ffentlicht von Relatech SpA im Namen von Gemini BidCo Srl)<\/a><\/span>\t\t\t\t<\/div>\n\t\t\t\t<\/div>\n\t\t<div class=\"elementor-element elementor-element-e687748 e-con-full e-flex e-con e-child\" data-id=\"e687748\" data-element_type=\"container\" data-e-type=\"container\">\n\t\t\t\t<div class=\"elementor-element elementor-element-679f91c elementor-widget elementor-widget-image\" data-id=\"679f91c\" data-element_type=\"widget\" data-e-type=\"widget\" data-widget_type=\"image.default\">\n\t\t\t\t\t\t\t\t\t\t\t\t\t\t\t<img decoding=\"async\" width=\"34\" height=\"34\" src=\"https:\/\/relatech.com\/wp-content\/uploads\/2025\/05\/ic_icon_file_pdf.svg\" class=\"attachment-large size-large wp-image-4891\" alt=\"\" \/>\t\t\t\t\t\t\t\t\t\t\t\t\t\t\t<\/div>\n\t\t\t\t<div class=\"elementor-element elementor-element-e4366ac elementor-widget__width-inherit listElement elementor-widget elementor-widget-heading\" data-id=\"e4366ac\" data-element_type=\"widget\" data-e-type=\"widget\" data-widget_type=\"heading.default\">\n\t\t\t\t\t<span class=\"elementor-heading-title elementor-size-default\"><a href=\"https:\/\/relatech.com\/wp-content\/uploads\/2025\/05\/Gemini-BidCo-S.r.l.-documento-di-offerta-clean.pdf\" target=\"_blank\">4. Oktober 2024 \u2013 Angebotsdokument (Mitteilung ver\u00f6ffentlicht von Relatech SpA im Namen von Gemini BidCo Srl)<\/a><\/span>\t\t\t\t<\/div>\n\t\t\t\t<\/div>\n\t\t<div class=\"elementor-element elementor-element-c28590d e-con-full e-flex e-con e-child\" data-id=\"c28590d\" data-element_type=\"container\" data-e-type=\"container\">\n\t\t\t\t<div class=\"elementor-element elementor-element-5d71a1a elementor-widget elementor-widget-image\" data-id=\"5d71a1a\" data-element_type=\"widget\" data-e-type=\"widget\" data-widget_type=\"image.default\">\n\t\t\t\t\t\t\t\t\t\t\t\t\t\t\t<img decoding=\"async\" width=\"34\" height=\"34\" src=\"https:\/\/relatech.com\/wp-content\/uploads\/2025\/05\/ic_icon_file_pdf.svg\" class=\"attachment-large size-large wp-image-4891\" alt=\"\" \/>\t\t\t\t\t\t\t\t\t\t\t\t\t\t\t<\/div>\n\t\t\t\t<div class=\"elementor-element elementor-element-3b05754 elementor-widget__width-inherit listElement elementor-widget elementor-widget-heading\" data-id=\"3b05754\" data-element_type=\"widget\" data-e-type=\"widget\" data-widget_type=\"heading.default\">\n\t\t\t\t\t<span class=\"elementor-heading-title elementor-size-default\"><a href=\"https:\/\/relatech.com\/wp-content\/uploads\/2025\/05\/Gemini-BidCo-S.r.l.-Relatech-Scheda-di-adesione-clean.pdf\" target=\"_blank\">4. Oktober 2024 \u2013 Mitgliedsantrag (Mitteilung herausgegeben von Relatech SpA im Namen von Gemini BidCo Srl)<\/a><\/span>\t\t\t\t<\/div>\n\t\t\t\t<\/div>\n\t\t<div class=\"elementor-element elementor-element-bdb0265 e-con-full e-flex e-con e-child\" data-id=\"bdb0265\" data-element_type=\"container\" data-e-type=\"container\">\n\t\t\t\t<div class=\"elementor-element elementor-element-b3b8294 elementor-widget elementor-widget-image\" data-id=\"b3b8294\" data-element_type=\"widget\" data-e-type=\"widget\" data-widget_type=\"image.default\">\n\t\t\t\t\t\t\t\t\t\t\t\t\t\t\t<img decoding=\"async\" width=\"34\" height=\"34\" src=\"https:\/\/relatech.com\/wp-content\/uploads\/2025\/05\/ic_icon_file_pdf.svg\" class=\"attachment-large size-large wp-image-4891\" alt=\"\" \/>\t\t\t\t\t\t\t\t\t\t\t\t\t\t\t<\/div>\n\t\t\t\t<div class=\"elementor-element elementor-element-1d7c1c2 elementor-widget__width-inherit listElement elementor-widget elementor-widget-heading\" data-id=\"1d7c1c2\" data-element_type=\"widget\" data-e-type=\"widget\" data-widget_type=\"heading.default\">\n\t\t\t\t\t<span class=\"elementor-heading-title elementor-size-default\"><a href=\"https:\/\/relatech.com\/wp-content\/uploads\/2025\/05\/Pj-Renaissance-Comunicato-Stampa-proroga-periodo-di-adesione-ITA-003-1.pdf\" target=\"_blank\">24. Oktober 2024 \u2013 Mitteilung von Relatech SpA im Namen von Gemini BidCo Srl \u2013 Verl\u00e4ngerung der Mitgliedschaftsdauer<\/a><\/span>\t\t\t\t<\/div>\n\t\t\t\t<\/div>\n\t\t<div class=\"elementor-element elementor-element-0c6bcb7 e-con-full e-flex e-con e-child\" data-id=\"0c6bcb7\" data-element_type=\"container\" data-e-type=\"container\">\n\t\t\t\t<div class=\"elementor-element elementor-element-a6d1bc0 elementor-widget elementor-widget-image\" data-id=\"a6d1bc0\" data-element_type=\"widget\" data-e-type=\"widget\" data-widget_type=\"image.default\">\n\t\t\t\t\t\t\t\t\t\t\t\t\t\t\t<img decoding=\"async\" width=\"34\" height=\"34\" src=\"https:\/\/relatech.com\/wp-content\/uploads\/2025\/05\/ic_icon_file_pdf.svg\" class=\"attachment-large size-large wp-image-4891\" alt=\"\" \/>\t\t\t\t\t\t\t\t\t\t\t\t\t\t\t<\/div>\n\t\t\t\t<div class=\"elementor-element elementor-element-570cfdf elementor-widget__width-inherit listElement elementor-widget elementor-widget-heading\" data-id=\"570cfdf\" data-element_type=\"widget\" data-e-type=\"widget\" data-widget_type=\"heading.default\">\n\t\t\t\t\t<span class=\"elementor-heading-title elementor-size-default\"><a href=\"https:\/\/relatech.com\/wp-content\/uploads\/2025\/05\/20241108_Pj-Reniassance-Richiesta-di-Vendita-7-novembre-2024-clean.pdf\" target=\"_blank\">8. November 2024 \u2013 Verkaufsanfrageformular (Mitteilung herausgegeben von Relatech SpA im Namen von Gemini BidCo Srl)<\/a><\/span>\t\t\t\t<\/div>\n\t\t\t\t<\/div>\n\t\t\t\t<div class=\"elementor-element elementor-element-374200c elementor-widget elementor-widget-image\" data-id=\"374200c\" data-element_type=\"widget\" data-e-type=\"widget\" data-widget_type=\"image.default\">\n\t\t\t\t\t\t\t\t\t\t\t\t\t\t\t<img fetchpriority=\"high\" decoding=\"async\" width=\"733\" height=\"1024\" src=\"https:\/\/relatech.com\/wp-content\/uploads\/2025\/05\/OPA_4nov2024-733x1024.png\" class=\"attachment-large size-large wp-image-11040\" alt=\"\" srcset=\"https:\/\/relatech.com\/wp-content\/uploads\/2025\/05\/OPA_4nov2024-733x1024.png 733w, https:\/\/relatech.com\/wp-content\/uploads\/2025\/05\/OPA_4nov2024-215x300.png 215w, https:\/\/relatech.com\/wp-content\/uploads\/2025\/05\/OPA_4nov2024-768x1072.png 768w, https:\/\/relatech.com\/wp-content\/uploads\/2025\/05\/OPA_4nov2024-1100x1536.png 1100w, https:\/\/relatech.com\/wp-content\/uploads\/2025\/05\/OPA_4nov2024-1467x2048.png 1467w, https:\/\/relatech.com\/wp-content\/uploads\/2025\/05\/OPA_4nov2024-9x12.png 9w, https:\/\/relatech.com\/wp-content\/uploads\/2025\/05\/OPA_4nov2024-scaled.png 1833w\" sizes=\"(max-width: 733px) 100vw, 733px\" \/>\t\t\t\t\t\t\t\t\t\t\t\t\t\t\t<\/div>\n\t\t\t\t<\/div>\n\t\t\t\t\t<\/div>\n\t\t\t\t<\/div>\n\t\t\t\t<\/div>","protected":false},"excerpt":{"rendered":"<p>Informativa Innovation In Technology DISCLAIMER PRIMA DI ACCEDERE ALLE INFORMAZIONI E AI DOCUMENTI CONTENUTI IN QUESTA SEZIONE DEL PRESENTE SITO INTERNET, SI PREGA DI LEGGERE E ACCETTARE L\u2019INFORMATIVA DI SEGUITO RIPORTATA. La presente sezione contiene informazioni e documenti relativi all\u2019offerta pubblica di acquisto obbligatoria totalitaria (l\u2019\u201cOfferta\u201d) sulle azioni ordinarie (le \u201cAzioni\u201d) di Relatech S.p.A. (\u201cRelatech\u201d [&hellip;]<\/p>\n","protected":false},"author":1,"featured_media":0,"parent":4419,"menu_order":0,"comment_status":"closed","ping_status":"closed","template":"","meta":{"_acf_changed":false,"content-type":"","footnotes":""},"class_list":["post-10977","page","type-page","status-publish","hentry"],"acf":[],"yoast_head":"<!-- This site is optimized with the Yoast SEO Premium plugin v25.0 (Yoast SEO v27.4) - https:\/\/yoast.com\/product\/yoast-seo-premium-wordpress\/ -->\n<title>OPA 2024 | Relatech | Innovazione e Trasformazione Digitale per Aziende<\/title>\n<meta name=\"robots\" content=\"index, follow, max-snippet:-1, max-image-preview:large, max-video-preview:-1\" \/>\n<link rel=\"canonical\" href=\"https:\/\/relatech.com\/de\/investor-relations\/ubernahmeangebot-2024\/\" \/>\n<meta property=\"og:locale\" content=\"de_DE\" \/>\n<meta property=\"og:type\" content=\"article\" \/>\n<meta property=\"og:title\" content=\"OPA 2024\" \/>\n<meta property=\"og:description\" content=\"Informativa Innovation In Technology DISCLAIMER PRIMA DI ACCEDERE ALLE INFORMAZIONI E AI DOCUMENTI CONTENUTI IN QUESTA SEZIONE DEL PRESENTE SITO INTERNET, SI PREGA DI LEGGERE E ACCETTARE L\u2019INFORMATIVA DI SEGUITO RIPORTATA. La presente sezione contiene informazioni e documenti relativi all\u2019offerta pubblica di acquisto obbligatoria totalitaria (l\u2019\u201cOfferta\u201d) sulle azioni ordinarie (le \u201cAzioni\u201d) di Relatech S.p.A. (\u201cRelatech\u201d [&hellip;]\" \/>\n<meta property=\"og:url\" content=\"https:\/\/relatech.com\/de\/investor-relations\/ubernahmeangebot-2024\/\" \/>\n<meta property=\"og:site_name\" content=\"Relatech | Innovazione e Trasformazione Digitale per Aziende\" \/>\n<meta property=\"article:modified_time\" content=\"2025-05-12T23:39:00+00:00\" \/>\n<meta name=\"twitter:card\" content=\"summary_large_image\" \/>\n<meta name=\"twitter:label1\" content=\"Gesch\u00e4tzte Lesezeit\" \/>\n\t<meta name=\"twitter:data1\" content=\"3\u00a0Minuten\" \/>\n<script type=\"application\/ld+json\" class=\"yoast-schema-graph\">{\"@context\":\"https:\\\/\\\/schema.org\",\"@graph\":[{\"@type\":\"WebPage\",\"@id\":\"https:\\\/\\\/relatech.com\\\/investor-relations\\\/opa-2024\\\/\",\"url\":\"https:\\\/\\\/relatech.com\\\/investor-relations\\\/opa-2024\\\/\",\"name\":\"OPA 2024 | Relatech | Innovazione e Trasformazione Digitale per Aziende\",\"isPartOf\":{\"@id\":\"https:\\\/\\\/relatech.com\\\/#website\"},\"primaryImageOfPage\":{\"@id\":\"https:\\\/\\\/relatech.com\\\/investor-relations\\\/opa-2024\\\/#primaryimage\"},\"image\":{\"@id\":\"https:\\\/\\\/relatech.com\\\/investor-relations\\\/opa-2024\\\/#primaryimage\"},\"thumbnailUrl\":\"https:\\\/\\\/relatech.com\\\/wp-content\\\/uploads\\\/2025\\\/05\\\/ic_icon_file_pdf.svg\",\"datePublished\":\"2025-05-12T20:12:40+00:00\",\"dateModified\":\"2025-05-12T23:39:00+00:00\",\"breadcrumb\":{\"@id\":\"https:\\\/\\\/relatech.com\\\/investor-relations\\\/opa-2024\\\/#breadcrumb\"},\"inLanguage\":\"de\",\"potentialAction\":[{\"@type\":\"ReadAction\",\"target\":[\"https:\\\/\\\/relatech.com\\\/investor-relations\\\/opa-2024\\\/\"]}]},{\"@type\":\"ImageObject\",\"inLanguage\":\"de\",\"@id\":\"https:\\\/\\\/relatech.com\\\/investor-relations\\\/opa-2024\\\/#primaryimage\",\"url\":\"https:\\\/\\\/relatech.com\\\/wp-content\\\/uploads\\\/2025\\\/05\\\/ic_icon_file_pdf.svg\",\"contentUrl\":\"https:\\\/\\\/relatech.com\\\/wp-content\\\/uploads\\\/2025\\\/05\\\/ic_icon_file_pdf.svg\"},{\"@type\":\"BreadcrumbList\",\"@id\":\"https:\\\/\\\/relatech.com\\\/investor-relations\\\/opa-2024\\\/#breadcrumb\",\"itemListElement\":[{\"@type\":\"ListItem\",\"position\":1,\"name\":\"Home\",\"item\":\"https:\\\/\\\/relatech.com\\\/\"},{\"@type\":\"ListItem\",\"position\":2,\"name\":\"Investor Relations\",\"item\":\"https:\\\/\\\/relatech.com\\\/investor-relations\\\/\"},{\"@type\":\"ListItem\",\"position\":3,\"name\":\"OPA 2024\"}]},{\"@type\":\"WebSite\",\"@id\":\"https:\\\/\\\/relatech.com\\\/#website\",\"url\":\"https:\\\/\\\/relatech.com\\\/\",\"name\":\"Relatech | Innovazione e Trasformazione Digitale per Aziende\",\"description\":\"Relatech \u00e8 il partner per la digital transformation delle aziende. Consulenza strategica, digital enabler e soluzioni verticali per l&#039;innovazione digitale.\",\"publisher\":{\"@id\":\"https:\\\/\\\/relatech.com\\\/#organization\"},\"potentialAction\":[{\"@type\":\"SearchAction\",\"target\":{\"@type\":\"EntryPoint\",\"urlTemplate\":\"https:\\\/\\\/relatech.com\\\/?s={search_term_string}\"},\"query-input\":{\"@type\":\"PropertyValueSpecification\",\"valueRequired\":true,\"valueName\":\"search_term_string\"}}],\"inLanguage\":\"de\"},{\"@type\":\"Organization\",\"@id\":\"https:\\\/\\\/relatech.com\\\/#organization\",\"name\":\"Relatech S.p.A.\",\"url\":\"https:\\\/\\\/relatech.com\\\/\",\"logo\":{\"@type\":\"ImageObject\",\"inLanguage\":\"de\",\"@id\":\"https:\\\/\\\/relatech.com\\\/#\\\/schema\\\/logo\\\/image\\\/\",\"url\":\"\",\"contentUrl\":\"\",\"caption\":\"Relatech S.p.A.\"},\"image\":{\"@id\":\"https:\\\/\\\/relatech.com\\\/#\\\/schema\\\/logo\\\/image\\\/\"}}]}<\/script>\n<!-- \/ Yoast SEO Premium plugin. -->","yoast_head_json":{"title":"OPA 2024 | Relatech | Innovation und digitale Transformation f\u00fcr Unternehmen","robots":{"index":"index","follow":"follow","max-snippet":"max-snippet:-1","max-image-preview":"max-image-preview:large","max-video-preview":"max-video-preview:-1"},"canonical":"https:\/\/relatech.com\/de\/investor-relations\/ubernahmeangebot-2024\/","og_locale":"de_DE","og_type":"article","og_title":"OPA 2024","og_description":"Informativa Innovation In Technology DISCLAIMER PRIMA DI ACCEDERE ALLE INFORMAZIONI E AI DOCUMENTI CONTENUTI IN QUESTA SEZIONE DEL PRESENTE SITO INTERNET, SI PREGA DI LEGGERE E ACCETTARE L\u2019INFORMATIVA DI SEGUITO RIPORTATA. La presente sezione contiene informazioni e documenti relativi all\u2019offerta pubblica di acquisto obbligatoria totalitaria (l\u2019\u201cOfferta\u201d) sulle azioni ordinarie (le \u201cAzioni\u201d) di Relatech S.p.A. (\u201cRelatech\u201d [&hellip;]","og_url":"https:\/\/relatech.com\/de\/investor-relations\/ubernahmeangebot-2024\/","og_site_name":"Relatech | Innovazione e Trasformazione Digitale per Aziende","article_modified_time":"2025-05-12T23:39:00+00:00","twitter_card":"summary_large_image","twitter_misc":{"Gesch\u00e4tzte Lesezeit":"3\u00a0Minuten"},"schema":{"@context":"https:\/\/schema.org","@graph":[{"@type":"WebPage","@id":"https:\/\/relatech.com\/investor-relations\/opa-2024\/","url":"https:\/\/relatech.com\/investor-relations\/opa-2024\/","name":"OPA 2024 | Relatech | Innovation und digitale Transformation f\u00fcr Unternehmen","isPartOf":{"@id":"https:\/\/relatech.com\/#website"},"primaryImageOfPage":{"@id":"https:\/\/relatech.com\/investor-relations\/opa-2024\/#primaryimage"},"image":{"@id":"https:\/\/relatech.com\/investor-relations\/opa-2024\/#primaryimage"},"thumbnailUrl":"https:\/\/relatech.com\/wp-content\/uploads\/2025\/05\/ic_icon_file_pdf.svg","datePublished":"2025-05-12T20:12:40+00:00","dateModified":"2025-05-12T23:39:00+00:00","breadcrumb":{"@id":"https:\/\/relatech.com\/investor-relations\/opa-2024\/#breadcrumb"},"inLanguage":"de","potentialAction":[{"@type":"ReadAction","target":["https:\/\/relatech.com\/investor-relations\/opa-2024\/"]}]},{"@type":"ImageObject","inLanguage":"de","@id":"https:\/\/relatech.com\/investor-relations\/opa-2024\/#primaryimage","url":"https:\/\/relatech.com\/wp-content\/uploads\/2025\/05\/ic_icon_file_pdf.svg","contentUrl":"https:\/\/relatech.com\/wp-content\/uploads\/2025\/05\/ic_icon_file_pdf.svg"},{"@type":"BreadcrumbList","@id":"https:\/\/relatech.com\/investor-relations\/opa-2024\/#breadcrumb","itemListElement":[{"@type":"ListItem","position":1,"name":"Home","item":"https:\/\/relatech.com\/"},{"@type":"ListItem","position":2,"name":"Investor Relations","item":"https:\/\/relatech.com\/investor-relations\/"},{"@type":"ListItem","position":3,"name":"OPA 2024"}]},{"@type":"WebSite","@id":"https:\/\/relatech.com\/#website","url":"https:\/\/relatech.com\/","name":"Relatech | Innovation und digitale Transformation f\u00fcr Unternehmen","description":"Relatech ist der Partner f\u00fcr die digitale Transformation von Unternehmen. Strategische Beratung, digitaler Enabler und vertikale L\u00f6sungen f\u00fcr digitale Innovationen.","publisher":{"@id":"https:\/\/relatech.com\/#organization"},"potentialAction":[{"@type":"SearchAction","target":{"@type":"EntryPoint","urlTemplate":"https:\/\/relatech.com\/?s={search_term_string}"},"query-input":{"@type":"PropertyValueSpecification","valueRequired":true,"valueName":"search_term_string"}}],"inLanguage":"de"},{"@type":"Organization","@id":"https:\/\/relatech.com\/#organization","name":"Relatech SpA","url":"https:\/\/relatech.com\/","logo":{"@type":"ImageObject","inLanguage":"de","@id":"https:\/\/relatech.com\/#\/schema\/logo\/image\/","url":"","contentUrl":"","caption":"Relatech S.p.A."},"image":{"@id":"https:\/\/relatech.com\/#\/schema\/logo\/image\/"}}]}},"_links":{"self":[{"href":"https:\/\/relatech.com\/de\/wp-json\/wp\/v2\/pages\/10977","targetHints":{"allow":["GET"]}}],"collection":[{"href":"https:\/\/relatech.com\/de\/wp-json\/wp\/v2\/pages"}],"about":[{"href":"https:\/\/relatech.com\/de\/wp-json\/wp\/v2\/types\/page"}],"author":[{"embeddable":true,"href":"https:\/\/relatech.com\/de\/wp-json\/wp\/v2\/users\/1"}],"replies":[{"embeddable":true,"href":"https:\/\/relatech.com\/de\/wp-json\/wp\/v2\/comments?post=10977"}],"version-history":[{"count":0,"href":"https:\/\/relatech.com\/de\/wp-json\/wp\/v2\/pages\/10977\/revisions"}],"up":[{"embeddable":true,"href":"https:\/\/relatech.com\/de\/wp-json\/wp\/v2\/pages\/4419"}],"wp:attachment":[{"href":"https:\/\/relatech.com\/de\/wp-json\/wp\/v2\/media?parent=10977"}],"curies":[{"name":"wp","href":"https:\/\/api.w.org\/{rel}","templated":true}]}}